{"id":65419,"date":"2024-03-22T14:50:45","date_gmt":"2024-03-22T13:50:45","guid":{"rendered":"https:\/\/abinox-chr-clim.com\/index.php\/product\/pots-a-sauce-olympia-mineral-80mm-lot-de-12\/"},"modified":"2026-04-15T09:59:06","modified_gmt":"2026-04-15T07:59:06","slug":"pots-a-sauce-olympia-mineral-80mm-lot-de-12","status":"publish","type":"product","link":"https:\/\/abinox-chr-clim.com\/index.php\/product\/pots-a-sauce-olympia-mineral-80mm-lot-de-12\/","title":{"rendered":"Pots \u00e0 sauce Olympia Mineral 80mm (Lot de 12)"},"content":{"rendered":"<p>Forme unique et originale. Porcelaine vitrifi\u00e9e non poreuse. A associer avec les autres articles de la gamme Mineral. Compatible lave-vaisselle, micro-ondes et four. Id\u00e9al pour les sauces servies s\u00e9par\u00e9ment.  Forme unique et originale.<\/p>\n<p>Caract\u00e9ristiques :<br \/>Lot : 12.<br \/> Capacit\u00e9 : 40 ml.<br \/> Dimensions : 32(H) x 80(\u00d8) mm.<br \/> Mati\u00e8re : Porcelaine.<br \/> Couleur : Gris.<\/p>\n","protected":false},"excerpt":{"rendered":"<p>Pots \u00e0 sauce Olympia Mineral 80mm (Lot de 12)<\/p>\n","protected":false},"featured_media":86279,"comment_status":"closed","ping_status":"closed","template":"","meta":[],"product_brand":[],"product_cat":[1023,1297,1048,1043],"product_tag":[],"class_list":{"0":"post-65419","1":"product","2":"type-product","3":"status-publish","4":"has-post-thumbnail","6":"product_cat-art-de-la-table","7":"product_cat-non-palettisable","8":"product_cat-olympia-vaisselle","9":"product_cat-vaisselle","10":"product_shipping_class-free-shipping","12":"first","13":"outofstock","14":"featured","15":"taxable","16":"shipping-taxable","17":"purchasable","18":"product-type-simple"},"_links":{"self":[{"href":"https:\/\/abinox-chr-clim.com\/index.php\/wp-json\/wp\/v2\/product\/65419","targetHints":{"allow":["GET"]}}],"collection":[{"href":"https:\/\/abinox-chr-clim.com\/index.php\/wp-json\/wp\/v2\/product"}],"about":[{"href":"https:\/\/abinox-chr-clim.com\/index.php\/wp-json\/wp\/v2\/types\/product"}],"replies":[{"embeddable":true,"href":"https:\/\/abinox-chr-clim.com\/index.php\/wp-json\/wp\/v2\/comments?post=65419"}],"wp:featuredmedia":[{"embeddable":true,"href":"https:\/\/abinox-chr-clim.com\/index.php\/wp-json\/wp\/v2\/media\/86279"}],"wp:attachment":[{"href":"https:\/\/abinox-chr-clim.com\/index.php\/wp-json\/wp\/v2\/media?parent=65419"}],"wp:term":[{"taxonomy":"product_brand","embeddable":true,"href":"https:\/\/abinox-chr-clim.com\/index.php\/wp-json\/wp\/v2\/product_brand?post=65419"},{"taxonomy":"product_cat","embeddable":true,"href":"https:\/\/abinox-chr-clim.com\/index.php\/wp-json\/wp\/v2\/product_cat?post=65419"},{"taxonomy":"product_tag","embeddable":true,"href":"https:\/\/abinox-chr-clim.com\/index.php\/wp-json\/wp\/v2\/product_tag?post=65419"}],"curies":[{"name":"wp","href":"https:\/\/api.w.org\/{rel}","templated":true}]}}