{"id":65418,"date":"2024-03-22T14:50:45","date_gmt":"2024-03-22T13:50:45","guid":{"rendered":"https:\/\/abinox-chr-clim.com\/index.php\/product\/gobelets-olympia-fusion-170ml\/"},"modified":"2026-04-24T09:57:52","modified_gmt":"2026-04-24T07:57:52","slug":"gobelets-olympia-fusion-170ml","status":"publish","type":"product","link":"https:\/\/abinox-chr-clim.com\/index.php\/product\/gobelets-olympia-fusion-170ml\/","title":{"rendered":"Gobelets Olympia Fusion 170ml"},"content":{"rendered":"<p>La couleur charbon apporte un aspect moderne et \u00e9pur\u00e9. La finition glac\u00e9e fonc\u00e9e et brillante donne \u00e0 chaque gobelet un aspect unique. La gla\u00e7ure am\u00e9liore \u00e9galement la r\u00e9tention de la couleur et la r\u00e9sistance aux taches. Le pied non \u00e9maill\u00e9 emp\u00eache les gobelets de glisser sur votre table ou votre bar. Lavable au lave-vaisselle pour un nettoyage rapide et facile. Garantie anti \u00e9br\u00e9chure.  La couleur charbon apporte un aspect moderne et \u00e9pur\u00e9.<\/p>\n<p>Caract\u00e9ristiques :<br \/>Lot : 6.<br \/> Capacit\u00e9 : 170 ml.<br \/> Dimensions : 74(H) x 68(\u00d8) mm.<br \/> Mati\u00e8re : Porcelaine.<br \/> Couleur : Gris anthracite.<\/p>\n","protected":false},"excerpt":{"rendered":"<p>Gobelets Olympia Fusion 170ml<\/p>\n","protected":false},"featured_media":85860,"comment_status":"closed","ping_status":"closed","template":"","meta":[],"product_brand":[],"product_cat":[1023,1297,1048,1043],"product_tag":[],"class_list":{"0":"post-65418","1":"product","2":"type-product","3":"status-publish","4":"has-post-thumbnail","6":"product_cat-art-de-la-table","7":"product_cat-non-palettisable","8":"product_cat-olympia-vaisselle","9":"product_cat-vaisselle","10":"product_shipping_class-free-shipping","12":"first","13":"instock","14":"featured","15":"taxable","16":"shipping-taxable","17":"purchasable","18":"product-type-simple"},"_links":{"self":[{"href":"https:\/\/abinox-chr-clim.com\/index.php\/wp-json\/wp\/v2\/product\/65418","targetHints":{"allow":["GET"]}}],"collection":[{"href":"https:\/\/abinox-chr-clim.com\/index.php\/wp-json\/wp\/v2\/product"}],"about":[{"href":"https:\/\/abinox-chr-clim.com\/index.php\/wp-json\/wp\/v2\/types\/product"}],"replies":[{"embeddable":true,"href":"https:\/\/abinox-chr-clim.com\/index.php\/wp-json\/wp\/v2\/comments?post=65418"}],"wp:featuredmedia":[{"embeddable":true,"href":"https:\/\/abinox-chr-clim.com\/index.php\/wp-json\/wp\/v2\/media\/85860"}],"wp:attachment":[{"href":"https:\/\/abinox-chr-clim.com\/index.php\/wp-json\/wp\/v2\/media?parent=65418"}],"wp:term":[{"taxonomy":"product_brand","embeddable":true,"href":"https:\/\/abinox-chr-clim.com\/index.php\/wp-json\/wp\/v2\/product_brand?post=65418"},{"taxonomy":"product_cat","embeddable":true,"href":"https:\/\/abinox-chr-clim.com\/index.php\/wp-json\/wp\/v2\/product_cat?post=65418"},{"taxonomy":"product_tag","embeddable":true,"href":"https:\/\/abinox-chr-clim.com\/index.php\/wp-json\/wp\/v2\/product_tag?post=65418"}],"curies":[{"name":"wp","href":"https:\/\/api.w.org\/{rel}","templated":true}]}}