{"id":65413,"date":"2024-03-22T14:50:44","date_gmt":"2024-03-22T13:50:44","guid":{"rendered":"https:\/\/abinox-chr-clim.com\/index.php\/product\/mug-pastel-mat-en-porcelaine-olympia-gris-320ml\/"},"modified":"2026-04-11T09:36:44","modified_gmt":"2026-04-11T07:36:44","slug":"mug-pastel-mat-en-porcelaine-olympia-gris-320ml","status":"publish","type":"product","link":"https:\/\/abinox-chr-clim.com\/index.php\/product\/mug-pastel-mat-en-porcelaine-olympia-gris-320ml\/","title":{"rendered":"Mug pastel mat en porcelaine Olympia gris 320ml"},"content":{"rendered":"<p>Pigment anti d\u00e9coloration pour une couleur pr\u00e9serv\u00e9e dans la dur\u00e9e. Id\u00e9al pour une utilisation dans une atmosph\u00e8re d\u00e9contract\u00e9e. Compatible micro-ondes et lave-vaisselle. Enti\u00e8rement vernis, aspect lisse.  Pigment anti d\u00e9coloration pour une couleur pr\u00e9serv\u00e9e dans la dur\u00e9e.<\/p>\n<p>Caract\u00e9ristiques :<br \/>Lot : 6.<br \/> Capacit\u00e9 : 320ml.<br \/> Dimensions : 110(H) x 115(L) x 82(\u00d8)mm.<br \/> Mati\u00e8re : Porcelaine<\/p>\n","protected":false},"excerpt":{"rendered":"<p>Mug pastel mat en porcelaine Olympia gris 320ml<\/p>\n","protected":false},"featured_media":102932,"comment_status":"closed","ping_status":"closed","template":"","meta":[],"product_brand":[],"product_cat":[1023,1297,1048,1043],"product_tag":[],"class_list":{"0":"post-65413","1":"product","2":"type-product","3":"status-publish","4":"has-post-thumbnail","6":"product_cat-art-de-la-table","7":"product_cat-non-palettisable","8":"product_cat-olympia-vaisselle","9":"product_cat-vaisselle","10":"product_shipping_class-free-shipping","12":"first","13":"instock","14":"featured","15":"taxable","16":"shipping-taxable","17":"purchasable","18":"product-type-simple"},"_links":{"self":[{"href":"https:\/\/abinox-chr-clim.com\/index.php\/wp-json\/wp\/v2\/product\/65413","targetHints":{"allow":["GET"]}}],"collection":[{"href":"https:\/\/abinox-chr-clim.com\/index.php\/wp-json\/wp\/v2\/product"}],"about":[{"href":"https:\/\/abinox-chr-clim.com\/index.php\/wp-json\/wp\/v2\/types\/product"}],"replies":[{"embeddable":true,"href":"https:\/\/abinox-chr-clim.com\/index.php\/wp-json\/wp\/v2\/comments?post=65413"}],"wp:featuredmedia":[{"embeddable":true,"href":"https:\/\/abinox-chr-clim.com\/index.php\/wp-json\/wp\/v2\/media\/102932"}],"wp:attachment":[{"href":"https:\/\/abinox-chr-clim.com\/index.php\/wp-json\/wp\/v2\/media?parent=65413"}],"wp:term":[{"taxonomy":"product_brand","embeddable":true,"href":"https:\/\/abinox-chr-clim.com\/index.php\/wp-json\/wp\/v2\/product_brand?post=65413"},{"taxonomy":"product_cat","embeddable":true,"href":"https:\/\/abinox-chr-clim.com\/index.php\/wp-json\/wp\/v2\/product_cat?post=65413"},{"taxonomy":"product_tag","embeddable":true,"href":"https:\/\/abinox-chr-clim.com\/index.php\/wp-json\/wp\/v2\/product_tag?post=65413"}],"curies":[{"name":"wp","href":"https:\/\/api.w.org\/{rel}","templated":true}]}}