{"id":65402,"date":"2024-03-22T14:50:40","date_gmt":"2024-03-22T13:50:40","guid":{"rendered":"https:\/\/abinox-chr-clim.com\/index.php\/product\/assiette-plate-blanche-olympia-cafe-205mm-lot-de-12\/"},"modified":"2026-04-24T09:43:55","modified_gmt":"2026-04-24T07:43:55","slug":"assiette-plate-blanche-olympia-cafe-205mm-lot-de-12","status":"publish","type":"product","link":"https:\/\/abinox-chr-clim.com\/index.php\/product\/assiette-plate-blanche-olympia-cafe-205mm-lot-de-12\/","title":{"rendered":"Assiette plate blanche Olympia Caf\u00e9 205mm (Lot de 12)"},"content":{"rendered":"<p>En gr\u00e8s, \u00e0 manipuler avec soin. Enti\u00e8rement vitrifi\u00e9e. Compatible four, micro-ondes et lave-vaisselle. .En gr\u00e8s, \u00e0 manipuler avec soin.<\/p>\n<p>Caract\u00e9ristiques :<br \/>Lot : 12.<br \/> Dimensions : 205(\u00d8)mm.<br \/> Mati\u00e8re : Gr\u00e8s<\/p>\n","protected":false},"excerpt":{"rendered":"<p>Assiette plate blanche Olympia Caf\u00e9 205mm (Lot de 12)<\/p>\n","protected":false},"featured_media":83399,"comment_status":"closed","ping_status":"closed","template":"","meta":[],"product_brand":[],"product_cat":[1023,1297,1048,1043],"product_tag":[],"class_list":{"0":"post-65402","1":"product","2":"type-product","3":"status-publish","4":"has-post-thumbnail","6":"product_cat-art-de-la-table","7":"product_cat-non-palettisable","8":"product_cat-olympia-vaisselle","9":"product_cat-vaisselle","10":"product_shipping_class-free-shipping","12":"first","13":"outofstock","14":"featured","15":"taxable","16":"shipping-taxable","17":"purchasable","18":"product-type-simple"},"_links":{"self":[{"href":"https:\/\/abinox-chr-clim.com\/index.php\/wp-json\/wp\/v2\/product\/65402","targetHints":{"allow":["GET"]}}],"collection":[{"href":"https:\/\/abinox-chr-clim.com\/index.php\/wp-json\/wp\/v2\/product"}],"about":[{"href":"https:\/\/abinox-chr-clim.com\/index.php\/wp-json\/wp\/v2\/types\/product"}],"replies":[{"embeddable":true,"href":"https:\/\/abinox-chr-clim.com\/index.php\/wp-json\/wp\/v2\/comments?post=65402"}],"wp:featuredmedia":[{"embeddable":true,"href":"https:\/\/abinox-chr-clim.com\/index.php\/wp-json\/wp\/v2\/media\/83399"}],"wp:attachment":[{"href":"https:\/\/abinox-chr-clim.com\/index.php\/wp-json\/wp\/v2\/media?parent=65402"}],"wp:term":[{"taxonomy":"product_brand","embeddable":true,"href":"https:\/\/abinox-chr-clim.com\/index.php\/wp-json\/wp\/v2\/product_brand?post=65402"},{"taxonomy":"product_cat","embeddable":true,"href":"https:\/\/abinox-chr-clim.com\/index.php\/wp-json\/wp\/v2\/product_cat?post=65402"},{"taxonomy":"product_tag","embeddable":true,"href":"https:\/\/abinox-chr-clim.com\/index.php\/wp-json\/wp\/v2\/product_tag?post=65402"}],"curies":[{"name":"wp","href":"https:\/\/api.w.org\/{rel}","templated":true}]}}