{"id":65387,"date":"2024-03-22T14:50:34","date_gmt":"2024-03-22T13:50:34","guid":{"rendered":"https:\/\/abinox-chr-clim.com\/index.php\/product\/soucoupes-elegantes-olympia-whiteware-148mm-lot-de-12\/"},"modified":"2026-04-02T08:33:05","modified_gmt":"2026-04-02T06:33:05","slug":"soucoupes-elegantes-olympia-whiteware-148mm-lot-de-12","status":"publish","type":"product","link":"https:\/\/abinox-chr-clim.com\/index.php\/product\/soucoupes-elegantes-olympia-whiteware-148mm-lot-de-12\/","title":{"rendered":"Soucoupes \u00e9l\u00e9gantes Olympia Whiteware 148mm (Lot de 12)"},"content":{"rendered":"<p>Soucoupe double pour servir une mignardise.<br \/>Blanche. Ronde. Pour la tasse basse de 200ml CE536. Passe au four, micro-ondes, cong\u00e9lateur et lave-vaisselle. Bords roul\u00e9s renforc\u00e9s pour r\u00e9sister aux \u00e9clats. Enti\u00e8rement vitrifi\u00e9 pour r\u00e9sister \u00e0 la chaleur et aux chocs. Cet article b\u00e9n\u00e9ficie de notre garantie \u00e0 vie contre les \u00e9br\u00e9chures. Blanche.<\/p>\n<p>Caract\u00e9ristiques :<br \/>Lot : 12.<br \/> Capacit\u00e9 : 230 ml.<br \/> Dimensions : 22(H)x 148(P)mm.<br \/> Mati\u00e8re : Porcelaine.<br \/> Couleur : Blanc.<\/p>\n","protected":false},"excerpt":{"rendered":"<p>Soucoupes \u00e9l\u00e9gantes Olympia Whiteware 148mm (Lot de 12)<\/p>\n","protected":false},"featured_media":81803,"comment_status":"closed","ping_status":"closed","template":"","meta":[],"product_brand":[],"product_cat":[1023,1297,1048,1043],"product_tag":[],"class_list":{"0":"post-65387","1":"product","2":"type-product","3":"status-publish","4":"has-post-thumbnail","6":"product_cat-art-de-la-table","7":"product_cat-non-palettisable","8":"product_cat-olympia-vaisselle","9":"product_cat-vaisselle","10":"product_shipping_class-free-shipping","12":"first","13":"instock","14":"featured","15":"taxable","16":"shipping-taxable","17":"purchasable","18":"product-type-simple"},"_links":{"self":[{"href":"https:\/\/abinox-chr-clim.com\/index.php\/wp-json\/wp\/v2\/product\/65387","targetHints":{"allow":["GET"]}}],"collection":[{"href":"https:\/\/abinox-chr-clim.com\/index.php\/wp-json\/wp\/v2\/product"}],"about":[{"href":"https:\/\/abinox-chr-clim.com\/index.php\/wp-json\/wp\/v2\/types\/product"}],"replies":[{"embeddable":true,"href":"https:\/\/abinox-chr-clim.com\/index.php\/wp-json\/wp\/v2\/comments?post=65387"}],"wp:featuredmedia":[{"embeddable":true,"href":"https:\/\/abinox-chr-clim.com\/index.php\/wp-json\/wp\/v2\/media\/81803"}],"wp:attachment":[{"href":"https:\/\/abinox-chr-clim.com\/index.php\/wp-json\/wp\/v2\/media?parent=65387"}],"wp:term":[{"taxonomy":"product_brand","embeddable":true,"href":"https:\/\/abinox-chr-clim.com\/index.php\/wp-json\/wp\/v2\/product_brand?post=65387"},{"taxonomy":"product_cat","embeddable":true,"href":"https:\/\/abinox-chr-clim.com\/index.php\/wp-json\/wp\/v2\/product_cat?post=65387"},{"taxonomy":"product_tag","embeddable":true,"href":"https:\/\/abinox-chr-clim.com\/index.php\/wp-json\/wp\/v2\/product_tag?post=65387"}],"curies":[{"name":"wp","href":"https:\/\/api.w.org\/{rel}","templated":true}]}}