{"id":65377,"date":"2024-03-22T14:50:31","date_gmt":"2024-03-22T13:50:31","guid":{"rendered":"https:\/\/abinox-chr-clim.com\/index.php\/product\/assiette-creuse-ovale-olympia-500-x-290mm\/"},"modified":"2026-04-24T08:51:05","modified_gmt":"2026-04-24T06:51:05","slug":"assiette-creuse-ovale-olympia-500-x-290mm","status":"publish","type":"product","link":"https:\/\/abinox-chr-clim.com\/index.php\/product\/assiette-creuse-ovale-olympia-500-x-290mm\/","title":{"rendered":"Assiette creuse ovale Olympia 500 x 290mm"},"content":{"rendered":"<p>Couleur : blanc. Forme : ovale. Convient au four, micro-onde, lave-vaisselle et cong\u00e9lateur. Super vitrifi\u00e9e. Empilable. Bord ourl\u00e9 r\u00e9sistant aux \u00e9clats. Cet article b\u00e9n\u00e9ficie de notre garantie \u00e0 vie contre les \u00e9br\u00e9chures. Couleur : blanc.<\/p>\n<p>Caract\u00e9ristiques :<br \/> Dimensions : Taille: 500mm.<br \/> Mati\u00e8re : Porcelaine<\/p>\n","protected":false},"excerpt":{"rendered":"<p>Assiette creuse ovale Olympia 500 x 290mm<\/p>\n","protected":false},"featured_media":81254,"comment_status":"closed","ping_status":"closed","template":"","meta":[],"product_brand":[],"product_cat":[1023,1297,1048,1043],"product_tag":[],"class_list":{"0":"post-65377","1":"product","2":"type-product","3":"status-publish","4":"has-post-thumbnail","6":"product_cat-art-de-la-table","7":"product_cat-non-palettisable","8":"product_cat-olympia-vaisselle","9":"product_cat-vaisselle","10":"product_shipping_class-free-shipping","12":"first","13":"outofstock","14":"featured","15":"taxable","16":"shipping-taxable","17":"purchasable","18":"product-type-simple"},"_links":{"self":[{"href":"https:\/\/abinox-chr-clim.com\/index.php\/wp-json\/wp\/v2\/product\/65377","targetHints":{"allow":["GET"]}}],"collection":[{"href":"https:\/\/abinox-chr-clim.com\/index.php\/wp-json\/wp\/v2\/product"}],"about":[{"href":"https:\/\/abinox-chr-clim.com\/index.php\/wp-json\/wp\/v2\/types\/product"}],"replies":[{"embeddable":true,"href":"https:\/\/abinox-chr-clim.com\/index.php\/wp-json\/wp\/v2\/comments?post=65377"}],"wp:featuredmedia":[{"embeddable":true,"href":"https:\/\/abinox-chr-clim.com\/index.php\/wp-json\/wp\/v2\/media\/81254"}],"wp:attachment":[{"href":"https:\/\/abinox-chr-clim.com\/index.php\/wp-json\/wp\/v2\/media?parent=65377"}],"wp:term":[{"taxonomy":"product_brand","embeddable":true,"href":"https:\/\/abinox-chr-clim.com\/index.php\/wp-json\/wp\/v2\/product_brand?post=65377"},{"taxonomy":"product_cat","embeddable":true,"href":"https:\/\/abinox-chr-clim.com\/index.php\/wp-json\/wp\/v2\/product_cat?post=65377"},{"taxonomy":"product_tag","embeddable":true,"href":"https:\/\/abinox-chr-clim.com\/index.php\/wp-json\/wp\/v2\/product_tag?post=65377"}],"curies":[{"name":"wp","href":"https:\/\/api.w.org\/{rel}","templated":true}]}}