{"id":65317,"date":"2024-03-22T14:50:11","date_gmt":"2024-03-22T13:50:11","guid":{"rendered":"https:\/\/abinox-chr-clim.com\/index.php\/product\/poivrieres-blanches-90mm-olympia-lot-de-12\/"},"modified":"2026-04-02T08:26:56","modified_gmt":"2026-04-02T06:26:56","slug":"poivrieres-blanches-90mm-olympia-lot-de-12","status":"publish","type":"product","link":"https:\/\/abinox-chr-clim.com\/index.php\/product\/poivrieres-blanches-90mm-olympia-lot-de-12\/","title":{"rendered":"Poivri\u00e8res blanches 90mm Olympia (Lot de 12)"},"content":{"rendered":"<p>Couleur : blanc. Compatible four, four micro-ondes, lave-vaisselle et cong\u00e9lateur.Enti\u00e8rement vitrifi\u00e9.Empilable. Bords roul\u00e9s.  Couleur : blanc.<\/p>\n<p>Caract\u00e9ristiques :<br \/>Lot : 12.<br \/> Dimensions : 90(H) mm.<br \/> Mati\u00e8re : Porcelaine<\/p>\n","protected":false},"excerpt":{"rendered":"<p>Poivri\u00e8res blanches 90mm Olympia (Lot de 12)<\/p>\n","protected":false},"featured_media":78866,"comment_status":"closed","ping_status":"closed","template":"","meta":[],"product_brand":[],"product_cat":[1023,1297,1048,1043],"product_tag":[],"class_list":{"0":"post-65317","1":"product","2":"type-product","3":"status-publish","4":"has-post-thumbnail","6":"product_cat-art-de-la-table","7":"product_cat-non-palettisable","8":"product_cat-olympia-vaisselle","9":"product_cat-vaisselle","10":"product_shipping_class-free-shipping","12":"first","13":"outofstock","14":"featured","15":"taxable","16":"shipping-taxable","17":"purchasable","18":"product-type-simple"},"_links":{"self":[{"href":"https:\/\/abinox-chr-clim.com\/index.php\/wp-json\/wp\/v2\/product\/65317","targetHints":{"allow":["GET"]}}],"collection":[{"href":"https:\/\/abinox-chr-clim.com\/index.php\/wp-json\/wp\/v2\/product"}],"about":[{"href":"https:\/\/abinox-chr-clim.com\/index.php\/wp-json\/wp\/v2\/types\/product"}],"replies":[{"embeddable":true,"href":"https:\/\/abinox-chr-clim.com\/index.php\/wp-json\/wp\/v2\/comments?post=65317"}],"wp:featuredmedia":[{"embeddable":true,"href":"https:\/\/abinox-chr-clim.com\/index.php\/wp-json\/wp\/v2\/media\/78866"}],"wp:attachment":[{"href":"https:\/\/abinox-chr-clim.com\/index.php\/wp-json\/wp\/v2\/media?parent=65317"}],"wp:term":[{"taxonomy":"product_brand","embeddable":true,"href":"https:\/\/abinox-chr-clim.com\/index.php\/wp-json\/wp\/v2\/product_brand?post=65317"},{"taxonomy":"product_cat","embeddable":true,"href":"https:\/\/abinox-chr-clim.com\/index.php\/wp-json\/wp\/v2\/product_cat?post=65317"},{"taxonomy":"product_tag","embeddable":true,"href":"https:\/\/abinox-chr-clim.com\/index.php\/wp-json\/wp\/v2\/product_tag?post=65317"}],"curies":[{"name":"wp","href":"https:\/\/api.w.org\/{rel}","templated":true}]}}