{"id":65315,"date":"2024-03-22T14:50:11","date_gmt":"2024-03-22T13:50:11","guid":{"rendered":"https:\/\/abinox-chr-clim.com\/index.php\/product\/pots-a-lait-et-creme-olympia-228ml-lot-de-12\/"},"modified":"2025-08-26T11:41:08","modified_gmt":"2025-08-26T09:41:08","slug":"pots-a-lait-et-creme-olympia-228ml-lot-de-12","status":"publish","type":"product","link":"https:\/\/abinox-chr-clim.com\/index.php\/product\/pots-a-lait-et-creme-olympia-228ml-lot-de-12\/","title":{"rendered":"Pots \u00e0 lait et cr\u00e8me Olympia 228ml (Lot de 12)"},"content":{"rendered":"<p>La couleur blanche apporte une touche minimaliste et sophistiqu\u00e9e. Convient au lave-vaisselle, au micro-ondes, au four et au cong\u00e9lateur pour une utilisation dans une grande vari\u00e9t\u00e9 de services. L&rsquo;\u00e9mail enti\u00e8rement vitrifi\u00e9 prot\u00e8ge contre les rayures, les fissures et les dommages caus\u00e9s par la chaleur et les chocs. Le design compact permet d&rsquo;\u00e9conomiser l&rsquo;espace de table et de rangement indispensable. Les bords arrondis permettent d&rsquo;\u00e9viter les \u00e9clats accidentels pendant les services ou le nettoyage. Le bec verseur permet un versement rapide et contr\u00f4l\u00e9.  La couleur blanche apporte une touche minimaliste et sophistiqu\u00e9e.<\/p>\n<p>Caract\u00e9ristiques :<br \/>Lot : 12.<br \/> Capacit\u00e9 : 228ml.<br \/> Dimensions : 80(H) x 87(L) x 87(P)mm.<br \/> Mati\u00e8re : Porcelaine.<br \/> Couleur : Blanc.<\/p>\n","protected":false},"excerpt":{"rendered":"<p>Pots \u00e0 lait et cr\u00e8me Olympia 228ml (Lot de 12)<\/p>\n","protected":false},"featured_media":78843,"comment_status":"closed","ping_status":"closed","template":"","meta":[],"product_brand":[],"product_cat":[1023,1297,1048,1043],"product_tag":[],"class_list":{"0":"post-65315","1":"product","2":"type-product","3":"status-publish","4":"has-post-thumbnail","6":"product_cat-art-de-la-table","7":"product_cat-non-palettisable","8":"product_cat-olympia-vaisselle","9":"product_cat-vaisselle","10":"product_shipping_class-free-shipping","12":"first","13":"outofstock","14":"featured","15":"taxable","16":"shipping-taxable","17":"purchasable","18":"product-type-simple"},"_links":{"self":[{"href":"https:\/\/abinox-chr-clim.com\/index.php\/wp-json\/wp\/v2\/product\/65315","targetHints":{"allow":["GET"]}}],"collection":[{"href":"https:\/\/abinox-chr-clim.com\/index.php\/wp-json\/wp\/v2\/product"}],"about":[{"href":"https:\/\/abinox-chr-clim.com\/index.php\/wp-json\/wp\/v2\/types\/product"}],"replies":[{"embeddable":true,"href":"https:\/\/abinox-chr-clim.com\/index.php\/wp-json\/wp\/v2\/comments?post=65315"}],"wp:featuredmedia":[{"embeddable":true,"href":"https:\/\/abinox-chr-clim.com\/index.php\/wp-json\/wp\/v2\/media\/78843"}],"wp:attachment":[{"href":"https:\/\/abinox-chr-clim.com\/index.php\/wp-json\/wp\/v2\/media?parent=65315"}],"wp:term":[{"taxonomy":"product_brand","embeddable":true,"href":"https:\/\/abinox-chr-clim.com\/index.php\/wp-json\/wp\/v2\/product_brand?post=65315"},{"taxonomy":"product_cat","embeddable":true,"href":"https:\/\/abinox-chr-clim.com\/index.php\/wp-json\/wp\/v2\/product_cat?post=65315"},{"taxonomy":"product_tag","embeddable":true,"href":"https:\/\/abinox-chr-clim.com\/index.php\/wp-json\/wp\/v2\/product_tag?post=65315"}],"curies":[{"name":"wp","href":"https:\/\/api.w.org\/{rel}","templated":true}]}}