{"id":65305,"date":"2024-03-22T14:50:06","date_gmt":"2024-03-22T13:50:06","guid":{"rendered":"https:\/\/abinox-chr-clim.com\/index.php\/product\/plats-a-gratin-ronds-olympia-stoneware-119-mm-lot-de-6\/"},"modified":"2026-03-16T09:17:05","modified_gmt":"2026-03-16T08:17:05","slug":"plats-a-gratin-ronds-olympia-stoneware-119-mm-lot-de-6","status":"publish","type":"product","link":"https:\/\/abinox-chr-clim.com\/index.php\/product\/plats-a-gratin-ronds-olympia-stoneware-119-mm-lot-de-6\/","title":{"rendered":"Plats \u00e0 gratin ronds Olympia Stoneware 119 mm (lot de 6)"},"content":{"rendered":"<p>Une gamme de plats traditionnels de cuisson et de pr\u00e9sentation, dans une vari\u00e9t\u00e9 de formes et de tailles. Durables, r\u00e9sistants aux \u00e9clats et polyvalents, ces pi\u00e8ces de haute qualit\u00e9 viennent compl\u00e9ter votre art de la table. Compatibles four, four micro-ondes, lave-vaisselle et cong\u00e9lateur.<br \/>Couleur : Terre. Forme : Ronde. Passe au lave-vaisselle, au micro-ondes, au four et au cong\u00e9lateur. Couleur : Terre.<\/p>\n<p>Caract\u00e9ristiques :<br \/>Lot : 6.<br \/> Capacit\u00e9 : 245 ml.<br \/> Dimensions : 41(H) x 119(\u00d8) mm.<br \/> Mati\u00e8re : Gr\u00e8s.<br \/> Couleur : Terre.<\/p>\n","protected":false},"excerpt":{"rendered":"<p>Plats \u00e0 gratin ronds Olympia Stoneware 119 mm (lot de 6)<\/p>\n","protected":false},"featured_media":78511,"comment_status":"closed","ping_status":"closed","template":"","meta":[],"product_brand":[],"product_cat":[1023,1297,1048,1043],"product_tag":[],"class_list":{"0":"post-65305","1":"product","2":"type-product","3":"status-publish","4":"has-post-thumbnail","6":"product_cat-art-de-la-table","7":"product_cat-non-palettisable","8":"product_cat-olympia-vaisselle","9":"product_cat-vaisselle","10":"product_shipping_class-free-shipping","12":"first","13":"outofstock","14":"featured","15":"taxable","16":"shipping-taxable","17":"purchasable","18":"product-type-simple"},"_links":{"self":[{"href":"https:\/\/abinox-chr-clim.com\/index.php\/wp-json\/wp\/v2\/product\/65305","targetHints":{"allow":["GET"]}}],"collection":[{"href":"https:\/\/abinox-chr-clim.com\/index.php\/wp-json\/wp\/v2\/product"}],"about":[{"href":"https:\/\/abinox-chr-clim.com\/index.php\/wp-json\/wp\/v2\/types\/product"}],"replies":[{"embeddable":true,"href":"https:\/\/abinox-chr-clim.com\/index.php\/wp-json\/wp\/v2\/comments?post=65305"}],"wp:featuredmedia":[{"embeddable":true,"href":"https:\/\/abinox-chr-clim.com\/index.php\/wp-json\/wp\/v2\/media\/78511"}],"wp:attachment":[{"href":"https:\/\/abinox-chr-clim.com\/index.php\/wp-json\/wp\/v2\/media?parent=65305"}],"wp:term":[{"taxonomy":"product_brand","embeddable":true,"href":"https:\/\/abinox-chr-clim.com\/index.php\/wp-json\/wp\/v2\/product_brand?post=65305"},{"taxonomy":"product_cat","embeddable":true,"href":"https:\/\/abinox-chr-clim.com\/index.php\/wp-json\/wp\/v2\/product_cat?post=65305"},{"taxonomy":"product_tag","embeddable":true,"href":"https:\/\/abinox-chr-clim.com\/index.php\/wp-json\/wp\/v2\/product_tag?post=65305"}],"curies":[{"name":"wp","href":"https:\/\/api.w.org\/{rel}","templated":true}]}}