{"id":65284,"date":"2024-03-22T14:50:00","date_gmt":"2024-03-22T13:50:00","guid":{"rendered":"https:\/\/abinox-chr-clim.com\/index.php\/product\/mugs-cafe-latte-blancs-churchill-whiteware-440ml-lot-de-6\/"},"modified":"2026-04-22T08:16:41","modified_gmt":"2026-04-22T06:16:41","slug":"mugs-cafe-latte-blancs-churchill-whiteware-440ml-lot-de-6","status":"publish","type":"product","link":"https:\/\/abinox-chr-clim.com\/index.php\/product\/mugs-cafe-latte-blancs-churchill-whiteware-440ml-lot-de-6\/","title":{"rendered":"Mugs caf\u00e9 Latte blancs Churchill Whiteware 440ml (lot de 6)"},"content":{"rendered":"<p>D&rsquo;une \u00e9l\u00e9gance discr\u00e8te et classique, cette gamme est fabriqu\u00e9e sp\u00e9cialement pour r\u00e9sister aux rigueurs de l&rsquo;industrie de la restauration. Chaque pi\u00e8ce est ultra \u00e9maill\u00e9e, cuite \u00e0 une haute temp\u00e9rature pendant plus de deux jours pour garantir robustesse et durabilit\u00e9. Les c\u00f4t\u00e9s et les bords r\u00e9sistent aux \u00e9clats et le pied est verni pour \u00e9viter les rayures et les marques m\u00e9talliques, tout en \u00e9tant plus hygi\u00e9nique. Gamme compatible lave-vaisselle et micro-ondes. Garantie de 5\u00a0ans contre les \u00e9br\u00e9chures.<br \/>Couleur : blanche. Forme : ronde. Compatible micro-ondes et lave-vaisselle. Super \u00e9maill\u00e9e. R\u00e9sistant aux \u00e9clats. Talon enti\u00e8rement \u00e9maill\u00e9.  Couleur : blanche.<\/p>\n<p>Caract\u00e9ristiques :<br \/>Lot : 6.<br \/> Capacit\u00e9 : 440 ml.<br \/> Mati\u00e8re : Porcelaine.<br \/> Couleur : Blanc.<\/p>\n","protected":false},"excerpt":{"rendered":"<p>Mugs caf\u00e9 Latte blancs Churchill Whiteware 440ml (lot de 6)<\/p>\n","protected":false},"featured_media":97911,"comment_status":"closed","ping_status":"closed","template":"","meta":[],"product_brand":[],"product_cat":[1023,1045,1297,1043],"product_tag":[],"class_list":{"0":"post-65284","1":"product","2":"type-product","3":"status-publish","4":"has-post-thumbnail","6":"product_cat-art-de-la-table","7":"product_cat-divers-vaisselle","8":"product_cat-non-palettisable","9":"product_cat-vaisselle","10":"product_shipping_class-free-shipping","12":"first","13":"instock","14":"featured","15":"taxable","16":"shipping-taxable","17":"purchasable","18":"product-type-simple"},"_links":{"self":[{"href":"https:\/\/abinox-chr-clim.com\/index.php\/wp-json\/wp\/v2\/product\/65284","targetHints":{"allow":["GET"]}}],"collection":[{"href":"https:\/\/abinox-chr-clim.com\/index.php\/wp-json\/wp\/v2\/product"}],"about":[{"href":"https:\/\/abinox-chr-clim.com\/index.php\/wp-json\/wp\/v2\/types\/product"}],"replies":[{"embeddable":true,"href":"https:\/\/abinox-chr-clim.com\/index.php\/wp-json\/wp\/v2\/comments?post=65284"}],"wp:featuredmedia":[{"embeddable":true,"href":"https:\/\/abinox-chr-clim.com\/index.php\/wp-json\/wp\/v2\/media\/97911"}],"wp:attachment":[{"href":"https:\/\/abinox-chr-clim.com\/index.php\/wp-json\/wp\/v2\/media?parent=65284"}],"wp:term":[{"taxonomy":"product_brand","embeddable":true,"href":"https:\/\/abinox-chr-clim.com\/index.php\/wp-json\/wp\/v2\/product_brand?post=65284"},{"taxonomy":"product_cat","embeddable":true,"href":"https:\/\/abinox-chr-clim.com\/index.php\/wp-json\/wp\/v2\/product_cat?post=65284"},{"taxonomy":"product_tag","embeddable":true,"href":"https:\/\/abinox-chr-clim.com\/index.php\/wp-json\/wp\/v2\/product_tag?post=65284"}],"curies":[{"name":"wp","href":"https:\/\/api.w.org\/{rel}","templated":true}]}}