{"id":65283,"date":"2024-03-22T14:50:00","date_gmt":"2024-03-22T13:50:00","guid":{"rendered":"https:\/\/abinox-chr-clim.com\/index.php\/product\/soucoupes-blanches-churchill-whiteware-160mm-lot-de-24\/"},"modified":"2026-04-02T09:03:44","modified_gmt":"2026-04-02T07:03:44","slug":"soucoupes-blanches-churchill-whiteware-160mm-lot-de-24","status":"publish","type":"product","link":"https:\/\/abinox-chr-clim.com\/index.php\/product\/soucoupes-blanches-churchill-whiteware-160mm-lot-de-24\/","title":{"rendered":"Soucoupes blanches Churchill Whiteware 160mm (lot de 24)"},"content":{"rendered":"<p>D&rsquo;une \u00e9l\u00e9gance discr\u00e8te et classique, cette gamme est fabriqu\u00e9e sp\u00e9cialement pour r\u00e9sister aux rigueurs de l&rsquo;industrie de la restauration. Chaque pi\u00e8ce est ultra \u00e9maill\u00e9e, cuite \u00e0 une haute temp\u00e9rature pendant plus de deux jours pour garantir robustesse et durabilit\u00e9. Les c\u00f4t\u00e9s et les bords r\u00e9sistent aux \u00e9clats et le pied est verni pour \u00e9viter les rayures et les marques m\u00e9talliques, tout en \u00e9tant plus hygi\u00e9nique. Gamme compatible lave-vaisselle et micro-ondes. Garantie de 5\u00a0ans contre les \u00e9br\u00e9chures.<br \/>Couleur : blanche. Forme : ronde. Compatible micro-ondes et lave-vaisselle. Haute r\u00e9sistance aux chocs thermiques. R\u00e9sistant aux \u00e9clats. Couvert par la garantie de 5 ans Churchill contre les \u00e9clats.  Couleur : blanche.<\/p>\n<p>Caract\u00e9ristiques :<br \/>Lot : 24.<br \/> Dimensions : 160(\u00d8) mm.<br \/> Mati\u00e8re : Porcelaine.<br \/> Couleur : Blanc.<\/p>\n","protected":false},"excerpt":{"rendered":"<p>Soucoupes blanches Churchill Whiteware 160mm (lot de 24)<\/p>\n","protected":false},"featured_media":100578,"comment_status":"closed","ping_status":"closed","template":"","meta":[],"product_brand":[],"product_cat":[1023,1045,1297,1043],"product_tag":[],"class_list":{"0":"post-65283","1":"product","2":"type-product","3":"status-publish","4":"has-post-thumbnail","6":"product_cat-art-de-la-table","7":"product_cat-divers-vaisselle","8":"product_cat-non-palettisable","9":"product_cat-vaisselle","10":"product_shipping_class-free-shipping","12":"first","13":"outofstock","14":"featured","15":"taxable","16":"shipping-taxable","17":"purchasable","18":"product-type-simple"},"_links":{"self":[{"href":"https:\/\/abinox-chr-clim.com\/index.php\/wp-json\/wp\/v2\/product\/65283","targetHints":{"allow":["GET"]}}],"collection":[{"href":"https:\/\/abinox-chr-clim.com\/index.php\/wp-json\/wp\/v2\/product"}],"about":[{"href":"https:\/\/abinox-chr-clim.com\/index.php\/wp-json\/wp\/v2\/types\/product"}],"replies":[{"embeddable":true,"href":"https:\/\/abinox-chr-clim.com\/index.php\/wp-json\/wp\/v2\/comments?post=65283"}],"wp:featuredmedia":[{"embeddable":true,"href":"https:\/\/abinox-chr-clim.com\/index.php\/wp-json\/wp\/v2\/media\/100578"}],"wp:attachment":[{"href":"https:\/\/abinox-chr-clim.com\/index.php\/wp-json\/wp\/v2\/media?parent=65283"}],"wp:term":[{"taxonomy":"product_brand","embeddable":true,"href":"https:\/\/abinox-chr-clim.com\/index.php\/wp-json\/wp\/v2\/product_brand?post=65283"},{"taxonomy":"product_cat","embeddable":true,"href":"https:\/\/abinox-chr-clim.com\/index.php\/wp-json\/wp\/v2\/product_cat?post=65283"},{"taxonomy":"product_tag","embeddable":true,"href":"https:\/\/abinox-chr-clim.com\/index.php\/wp-json\/wp\/v2\/product_tag?post=65283"}],"curies":[{"name":"wp","href":"https:\/\/api.w.org\/{rel}","templated":true}]}}