{"id":65268,"date":"2024-03-22T14:49:54","date_gmt":"2024-03-22T13:49:54","guid":{"rendered":"https:\/\/abinox-chr-clim.com\/index.php\/product\/plats-a-tapas-en-terre-cuite-150-mm-lot-de-24\/"},"modified":"2025-06-30T11:42:33","modified_gmt":"2025-06-30T09:42:33","slug":"plats-a-tapas-en-terre-cuite-150-mm-lot-de-24","status":"publish","type":"product","link":"https:\/\/abinox-chr-clim.com\/index.php\/product\/plats-a-tapas-en-terre-cuite-150-mm-lot-de-24\/","title":{"rendered":"Plats \u00e0 tapas en terre cuite 150 mm (lot de 24)"},"content":{"rendered":"<p>Terre cuite traditionnelle, fabriqu\u00e9e en Espagne. Permet un service direct du four \u00e0 la table. Compatible four, micro-ondes et cong\u00e9lateur.<br \/>Passe au four, au micro-ondes et au cong\u00e9lateur. Le mat\u00e9riau poreux permet une cuisson lente et douce. Bonne r\u00e9tention de la chaleur. Lavage \u00e0 la main uniquement. Le centre vitrifi\u00e9 emp\u00eache les aliments de coller. La conception facile \u00e0 nettoyer permet une rotation rapide de la vaisselle.  Passe au four, au micro-ondes et au cong\u00e9lateur.<\/p>\n<p>Caract\u00e9ristiques :<br \/>Lot : 24.<br \/> Dimensions : 150(\u00d8) mm.<br \/> Mati\u00e8re : Fa\u00efence.<br \/> Couleur : Terre cuite.<\/p>\n","protected":false},"excerpt":{"rendered":"<p>Plats \u00e0 tapas en terre cuite 150 mm (lot de 24)<\/p>\n","protected":false},"featured_media":102237,"comment_status":"closed","ping_status":"closed","template":"","meta":[],"product_brand":[],"product_cat":[1023,1045,1297,1043],"product_tag":[],"class_list":{"0":"post-65268","1":"product","2":"type-product","3":"status-publish","4":"has-post-thumbnail","6":"product_cat-art-de-la-table","7":"product_cat-divers-vaisselle","8":"product_cat-non-palettisable","9":"product_cat-vaisselle","10":"product_shipping_class-free-shipping","12":"first","13":"outofstock","14":"featured","15":"taxable","16":"shipping-taxable","17":"purchasable","18":"product-type-simple"},"_links":{"self":[{"href":"https:\/\/abinox-chr-clim.com\/index.php\/wp-json\/wp\/v2\/product\/65268","targetHints":{"allow":["GET"]}}],"collection":[{"href":"https:\/\/abinox-chr-clim.com\/index.php\/wp-json\/wp\/v2\/product"}],"about":[{"href":"https:\/\/abinox-chr-clim.com\/index.php\/wp-json\/wp\/v2\/types\/product"}],"replies":[{"embeddable":true,"href":"https:\/\/abinox-chr-clim.com\/index.php\/wp-json\/wp\/v2\/comments?post=65268"}],"wp:featuredmedia":[{"embeddable":true,"href":"https:\/\/abinox-chr-clim.com\/index.php\/wp-json\/wp\/v2\/media\/102237"}],"wp:attachment":[{"href":"https:\/\/abinox-chr-clim.com\/index.php\/wp-json\/wp\/v2\/media?parent=65268"}],"wp:term":[{"taxonomy":"product_brand","embeddable":true,"href":"https:\/\/abinox-chr-clim.com\/index.php\/wp-json\/wp\/v2\/product_brand?post=65268"},{"taxonomy":"product_cat","embeddable":true,"href":"https:\/\/abinox-chr-clim.com\/index.php\/wp-json\/wp\/v2\/product_cat?post=65268"},{"taxonomy":"product_tag","embeddable":true,"href":"https:\/\/abinox-chr-clim.com\/index.php\/wp-json\/wp\/v2\/product_tag?post=65268"}],"curies":[{"name":"wp","href":"https:\/\/api.w.org\/{rel}","templated":true}]}}