{"id":65259,"date":"2024-03-22T14:49:52","date_gmt":"2024-03-22T13:49:52","guid":{"rendered":"https:\/\/abinox-chr-clim.com\/index.php\/product\/bols-a-pates-utopia-pure-white-260-mm-lot-de-18\/"},"modified":"2026-04-15T10:19:16","modified_gmt":"2026-04-15T08:19:16","slug":"bols-a-pates-utopia-pure-white-260-mm-lot-de-18","status":"publish","type":"product","link":"https:\/\/abinox-chr-clim.com\/index.php\/product\/bols-a-pates-utopia-pure-white-260-mm-lot-de-18\/","title":{"rendered":"Bols \u00e0 p\u00e2tes Utopia Pure White 260 mm (lot de 18)"},"content":{"rendered":"<p>Con\u00e7u pour r\u00e9sister aux rigueurs de tout environnement de restauration. -. Conforme \u00e0 la norme britannique Hotelware BS4034. Passe au micro-ondes et au lave-vaisselle. De la marque sp\u00e9cialiste des arts de la table Utopia.  Con\u00e7u pour r\u00e9sister aux rigueurs de tout environnement de restauration.<\/p>\n<p>Caract\u00e9ristiques :<br \/>Lot : 18.<br \/> Capacit\u00e9 : 1,59 L.<br \/> Dimensions : 55(H) x 260(\u00d8) mm.<br \/> Mati\u00e8re : Porcelaine.<br \/> Couleur : Blanc.<\/p>\n","protected":false},"excerpt":{"rendered":"<p>Bols \u00e0 p\u00e2tes Utopia Pure White 260 mm (lot de 18)<\/p>\n","protected":false},"featured_media":96495,"comment_status":"closed","ping_status":"closed","template":"","meta":[],"product_brand":[],"product_cat":[1023,1045,1297,1043],"product_tag":[],"class_list":{"0":"post-65259","1":"product","2":"type-product","3":"status-publish","4":"has-post-thumbnail","6":"product_cat-art-de-la-table","7":"product_cat-divers-vaisselle","8":"product_cat-non-palettisable","9":"product_cat-vaisselle","10":"product_shipping_class-free-shipping","12":"first","13":"outofstock","14":"featured","15":"taxable","16":"shipping-taxable","17":"purchasable","18":"product-type-simple"},"_links":{"self":[{"href":"https:\/\/abinox-chr-clim.com\/index.php\/wp-json\/wp\/v2\/product\/65259","targetHints":{"allow":["GET"]}}],"collection":[{"href":"https:\/\/abinox-chr-clim.com\/index.php\/wp-json\/wp\/v2\/product"}],"about":[{"href":"https:\/\/abinox-chr-clim.com\/index.php\/wp-json\/wp\/v2\/types\/product"}],"replies":[{"embeddable":true,"href":"https:\/\/abinox-chr-clim.com\/index.php\/wp-json\/wp\/v2\/comments?post=65259"}],"wp:featuredmedia":[{"embeddable":true,"href":"https:\/\/abinox-chr-clim.com\/index.php\/wp-json\/wp\/v2\/media\/96495"}],"wp:attachment":[{"href":"https:\/\/abinox-chr-clim.com\/index.php\/wp-json\/wp\/v2\/media?parent=65259"}],"wp:term":[{"taxonomy":"product_brand","embeddable":true,"href":"https:\/\/abinox-chr-clim.com\/index.php\/wp-json\/wp\/v2\/product_brand?post=65259"},{"taxonomy":"product_cat","embeddable":true,"href":"https:\/\/abinox-chr-clim.com\/index.php\/wp-json\/wp\/v2\/product_cat?post=65259"},{"taxonomy":"product_tag","embeddable":true,"href":"https:\/\/abinox-chr-clim.com\/index.php\/wp-json\/wp\/v2\/product_tag?post=65259"}],"curies":[{"name":"wp","href":"https:\/\/api.w.org\/{rel}","templated":true}]}}