{"id":65246,"date":"2024-03-22T14:49:46","date_gmt":"2024-03-22T13:49:46","guid":{"rendered":"https:\/\/abinox-chr-clim.com\/index.php\/product\/plats-a-souffle-churchill-blancs-100mm-lot-de-12\/"},"modified":"2025-10-21T11:41:14","modified_gmt":"2025-10-21T09:41:14","slug":"plats-a-souffle-churchill-blancs-100mm-lot-de-12","status":"publish","type":"product","link":"https:\/\/abinox-chr-clim.com\/index.php\/product\/plats-a-souffle-churchill-blancs-100mm-lot-de-12\/","title":{"rendered":"Plats \u00e0 souffl\u00e9 Churchill blancs 100mm (lot de 12)"},"content":{"rendered":"<p>Sp\u00e9cialement con\u00e7ue pour r\u00e9sister aux rigueurs des environnements de restauration, cette gamme attrayante et facilement disponible de plats de pr\u00e9sentation allant au four est durable, r\u00e9siste aux \u00e9clats, offre d&rsquo;excellentes propri\u00e9t\u00e9s de r\u00e9tention de la chaleur et va au cong\u00e9lateur, au four, au micro-ondes et au lave-vaisselle. Fond non vernis pour une mise au four et un d\u00e9fournement plus facile et plus s\u00fbr. Garantie de 5\u00a0ans contre les \u00e9clats sur les bords.<br \/>Couleur : Blanc. Forme : Ronde. Passe au lave-vaisselle et au micro-ondes. Super vitrifi\u00e9. Bord r\u00e9sistant aux \u00e9clats.  Couleur : Blanc.<\/p>\n<p>Caract\u00e9ristiques :<br \/>Lot : 12.<br \/> Capacit\u00e9 : 340 ml.<br \/> Dimensions : 100mm.<br \/> Mati\u00e8re : Porcelaine.<br \/> Couleur : Blanc.<\/p>\n","protected":false},"excerpt":{"rendered":"<p>Plats \u00e0 souffl\u00e9 Churchill blancs 100mm (lot de 12)<\/p>\n","protected":false},"featured_media":104887,"comment_status":"closed","ping_status":"closed","template":"","meta":[],"product_brand":[],"product_cat":[1023,1045,1297,1043],"product_tag":[],"class_list":{"0":"post-65246","1":"product","2":"type-product","3":"status-publish","4":"has-post-thumbnail","6":"product_cat-art-de-la-table","7":"product_cat-divers-vaisselle","8":"product_cat-non-palettisable","9":"product_cat-vaisselle","10":"product_shipping_class-free-shipping","12":"first","13":"outofstock","14":"featured","15":"taxable","16":"shipping-taxable","17":"purchasable","18":"product-type-simple"},"_links":{"self":[{"href":"https:\/\/abinox-chr-clim.com\/index.php\/wp-json\/wp\/v2\/product\/65246","targetHints":{"allow":["GET"]}}],"collection":[{"href":"https:\/\/abinox-chr-clim.com\/index.php\/wp-json\/wp\/v2\/product"}],"about":[{"href":"https:\/\/abinox-chr-clim.com\/index.php\/wp-json\/wp\/v2\/types\/product"}],"replies":[{"embeddable":true,"href":"https:\/\/abinox-chr-clim.com\/index.php\/wp-json\/wp\/v2\/comments?post=65246"}],"wp:featuredmedia":[{"embeddable":true,"href":"https:\/\/abinox-chr-clim.com\/index.php\/wp-json\/wp\/v2\/media\/104887"}],"wp:attachment":[{"href":"https:\/\/abinox-chr-clim.com\/index.php\/wp-json\/wp\/v2\/media?parent=65246"}],"wp:term":[{"taxonomy":"product_brand","embeddable":true,"href":"https:\/\/abinox-chr-clim.com\/index.php\/wp-json\/wp\/v2\/product_brand?post=65246"},{"taxonomy":"product_cat","embeddable":true,"href":"https:\/\/abinox-chr-clim.com\/index.php\/wp-json\/wp\/v2\/product_cat?post=65246"},{"taxonomy":"product_tag","embeddable":true,"href":"https:\/\/abinox-chr-clim.com\/index.php\/wp-json\/wp\/v2\/product_tag?post=65246"}],"curies":[{"name":"wp","href":"https:\/\/api.w.org\/{rel}","templated":true}]}}