{"id":65243,"date":"2024-03-22T14:49:45","date_gmt":"2024-03-22T13:49:45","guid":{"rendered":"https:\/\/abinox-chr-clim.com\/index.php\/product\/assiettes-rondes-grises-churchill-stonecast-260mm-lot-de-12\/"},"modified":"2026-04-15T10:17:47","modified_gmt":"2026-04-15T08:17:47","slug":"assiettes-rondes-grises-churchill-stonecast-260mm-lot-de-12","status":"publish","type":"product","link":"https:\/\/abinox-chr-clim.com\/index.php\/product\/assiettes-rondes-grises-churchill-stonecast-260mm-lot-de-12\/","title":{"rendered":"Assiettes rondes grises Churchill Stonecast 260mm (lot de 12)"},"content":{"rendered":"<p>Les formes et les couleurs naturelles de la gamme Stonecast cr\u00e9ent la toile de fond parfaite pour les aliments frais. Articles disponibles sous 5 \u00e0 7 jours. Passe au four, au micro-ondes et au lave-vaisselle.<br \/>Chaque pi\u00e8ce est finie \u00e0 la main. Le badigeon est appliqu\u00e9 au pinceau. Le bord est peint avec une \u00e9ponge. Les fines mouchetures sont appliqu\u00e9es de mani\u00e8re al\u00e9atoire. Les couleurs de l&rsquo;assiette ne s&rsquo;alt\u00e8rent pas. Couvert par la garantie anti \u00e9clat de 5 ans Churchill. Passe au lave-vaisselle et au micro-ondes.Chaque pi\u00e8ce est finie \u00e0 la main.<\/p>\n<p>Caract\u00e9ristiques :<br \/>Lot : 12.<br \/> Dimensions : 135(H) x 260(\u00d8) mm.<br \/> Mati\u00e8re : Porcelaine.<br \/> Couleur : Gris.<\/p>\n","protected":false},"excerpt":{"rendered":"<p>Assiettes rondes grises Churchill Stonecast 260mm (lot de 12)<\/p>\n","protected":false},"featured_media":89801,"comment_status":"closed","ping_status":"closed","template":"","meta":[],"product_brand":[],"product_cat":[1023,1045,1297,1043],"product_tag":[],"class_list":{"0":"post-65243","1":"product","2":"type-product","3":"status-publish","4":"has-post-thumbnail","6":"product_cat-art-de-la-table","7":"product_cat-divers-vaisselle","8":"product_cat-non-palettisable","9":"product_cat-vaisselle","10":"product_shipping_class-free-shipping","12":"first","13":"instock","14":"featured","15":"taxable","16":"shipping-taxable","17":"purchasable","18":"product-type-simple"},"_links":{"self":[{"href":"https:\/\/abinox-chr-clim.com\/index.php\/wp-json\/wp\/v2\/product\/65243","targetHints":{"allow":["GET"]}}],"collection":[{"href":"https:\/\/abinox-chr-clim.com\/index.php\/wp-json\/wp\/v2\/product"}],"about":[{"href":"https:\/\/abinox-chr-clim.com\/index.php\/wp-json\/wp\/v2\/types\/product"}],"replies":[{"embeddable":true,"href":"https:\/\/abinox-chr-clim.com\/index.php\/wp-json\/wp\/v2\/comments?post=65243"}],"wp:featuredmedia":[{"embeddable":true,"href":"https:\/\/abinox-chr-clim.com\/index.php\/wp-json\/wp\/v2\/media\/89801"}],"wp:attachment":[{"href":"https:\/\/abinox-chr-clim.com\/index.php\/wp-json\/wp\/v2\/media?parent=65243"}],"wp:term":[{"taxonomy":"product_brand","embeddable":true,"href":"https:\/\/abinox-chr-clim.com\/index.php\/wp-json\/wp\/v2\/product_brand?post=65243"},{"taxonomy":"product_cat","embeddable":true,"href":"https:\/\/abinox-chr-clim.com\/index.php\/wp-json\/wp\/v2\/product_cat?post=65243"},{"taxonomy":"product_tag","embeddable":true,"href":"https:\/\/abinox-chr-clim.com\/index.php\/wp-json\/wp\/v2\/product_tag?post=65243"}],"curies":[{"name":"wp","href":"https:\/\/api.w.org\/{rel}","templated":true}]}}