{"id":65231,"date":"2024-03-22T14:49:42","date_gmt":"2024-03-22T13:49:42","guid":{"rendered":"https:\/\/abinox-chr-clim.com\/index.php\/product\/mugs-churchill-stonecast-bleu-pale-340ml-lot-de-12\/"},"modified":"2026-04-24T10:33:33","modified_gmt":"2026-04-24T08:33:33","slug":"mugs-churchill-stonecast-bleu-pale-340ml-lot-de-12","status":"publish","type":"product","link":"https:\/\/abinox-chr-clim.com\/index.php\/product\/mugs-churchill-stonecast-bleu-pale-340ml-lot-de-12\/","title":{"rendered":"Mugs Churchill Stonecast bleu p\u00e2le 340ml (lot de 12)"},"content":{"rendered":"<p>Les formes et les couleurs naturelles de la gamme Stonecast cr\u00e9ent la toile de fond parfaite pour mettre en valeur les plats faits maison. Passe au four, au micro-ondes et au lave-vaisselle.<br \/>Charme rustique. Fini \u00e0 la main. Chaque pi\u00e8ce est unique. La vitrification de qualit\u00e9 sup\u00e9rieure \u00e9vite \u00e0 la couleur de s&rsquo;estomper. Passe au micro-ondes. Passe au lave-vaisselle.  Charme rustique.<\/p>\n<p>Caract\u00e9ristiques :<br \/>Lot : 12.<br \/> Capacit\u00e9 : 340 ml.<br \/> Dimensions : 110(H) x 106(L) mm.<br \/> Mati\u00e8re : C\u00e9ramique super vitrifi\u00e9e.<br \/> Couleur : \u0152uf de canard.<\/p>\n","protected":false},"excerpt":{"rendered":"<p>Mugs Churchill Stonecast bleu p\u00e2le 340ml (lot de 12)<\/p>\n","protected":false},"featured_media":87604,"comment_status":"closed","ping_status":"closed","template":"","meta":[],"product_brand":[],"product_cat":[1023,1045,1297,1043],"product_tag":[],"class_list":{"0":"post-65231","1":"product","2":"type-product","3":"status-publish","4":"has-post-thumbnail","6":"product_cat-art-de-la-table","7":"product_cat-divers-vaisselle","8":"product_cat-non-palettisable","9":"product_cat-vaisselle","10":"product_shipping_class-free-shipping","12":"first","13":"instock","14":"featured","15":"taxable","16":"shipping-taxable","17":"purchasable","18":"product-type-simple"},"_links":{"self":[{"href":"https:\/\/abinox-chr-clim.com\/index.php\/wp-json\/wp\/v2\/product\/65231","targetHints":{"allow":["GET"]}}],"collection":[{"href":"https:\/\/abinox-chr-clim.com\/index.php\/wp-json\/wp\/v2\/product"}],"about":[{"href":"https:\/\/abinox-chr-clim.com\/index.php\/wp-json\/wp\/v2\/types\/product"}],"replies":[{"embeddable":true,"href":"https:\/\/abinox-chr-clim.com\/index.php\/wp-json\/wp\/v2\/comments?post=65231"}],"wp:featuredmedia":[{"embeddable":true,"href":"https:\/\/abinox-chr-clim.com\/index.php\/wp-json\/wp\/v2\/media\/87604"}],"wp:attachment":[{"href":"https:\/\/abinox-chr-clim.com\/index.php\/wp-json\/wp\/v2\/media?parent=65231"}],"wp:term":[{"taxonomy":"product_brand","embeddable":true,"href":"https:\/\/abinox-chr-clim.com\/index.php\/wp-json\/wp\/v2\/product_brand?post=65231"},{"taxonomy":"product_cat","embeddable":true,"href":"https:\/\/abinox-chr-clim.com\/index.php\/wp-json\/wp\/v2\/product_cat?post=65231"},{"taxonomy":"product_tag","embeddable":true,"href":"https:\/\/abinox-chr-clim.com\/index.php\/wp-json\/wp\/v2\/product_tag?post=65231"}],"curies":[{"name":"wp","href":"https:\/\/api.w.org\/{rel}","templated":true}]}}