{"id":65229,"date":"2024-03-22T14:49:41","date_gmt":"2024-03-22T13:49:41","guid":{"rendered":"https:\/\/abinox-chr-clim.com\/index.php\/product\/assiettes-a-pizza-31cm-cosy-trendy-dessin-noir-funnyline-lot-de-6\/"},"modified":"2026-02-03T10:24:37","modified_gmt":"2026-02-03T09:24:37","slug":"assiettes-a-pizza-31cm-cosy-trendy-dessin-noir-funnyline-lot-de-6","status":"publish","type":"product","link":"https:\/\/abinox-chr-clim.com\/index.php\/product\/assiettes-a-pizza-31cm-cosy-trendy-dessin-noir-funnyline-lot-de-6\/","title":{"rendered":"Assiettes \u00e0 pizza 31cm Cosy &#038; Trendy dessin noir funnyline (lot de 6)"},"content":{"rendered":"<p>Ces assiettes en fa\u00efence ont la taille id\u00e9ale pour les pizzas. Passe au lave-vaisselle et au micro-ondes. Avec bord \u00e9troit. Avec surface plane, id\u00e9ale pour servir des pizzas. Ces assiettes en fa\u00efence ont la taille id\u00e9ale pour les pizzas.<\/p>\n<p>Caract\u00e9ristiques :<br \/>Lot : 6.<br \/> Mati\u00e8re : Porcelaine.<br \/> Couleur : Blanc.<\/p>\n","protected":false},"excerpt":{"rendered":"<p>Assiettes \u00e0 pizza 31cm Cosy &#038; Trendy dessin noir funnyline (lot de 6)<\/p>\n","protected":false},"featured_media":105172,"comment_status":"closed","ping_status":"closed","template":"","meta":[],"product_brand":[],"product_cat":[1023,1045,1297,1043],"product_tag":[],"class_list":{"0":"post-65229","1":"product","2":"type-product","3":"status-publish","4":"has-post-thumbnail","6":"product_cat-art-de-la-table","7":"product_cat-divers-vaisselle","8":"product_cat-non-palettisable","9":"product_cat-vaisselle","10":"product_shipping_class-free-shipping","12":"first","13":"outofstock","14":"featured","15":"taxable","16":"shipping-taxable","17":"purchasable","18":"product-type-simple"},"_links":{"self":[{"href":"https:\/\/abinox-chr-clim.com\/index.php\/wp-json\/wp\/v2\/product\/65229","targetHints":{"allow":["GET"]}}],"collection":[{"href":"https:\/\/abinox-chr-clim.com\/index.php\/wp-json\/wp\/v2\/product"}],"about":[{"href":"https:\/\/abinox-chr-clim.com\/index.php\/wp-json\/wp\/v2\/types\/product"}],"replies":[{"embeddable":true,"href":"https:\/\/abinox-chr-clim.com\/index.php\/wp-json\/wp\/v2\/comments?post=65229"}],"wp:featuredmedia":[{"embeddable":true,"href":"https:\/\/abinox-chr-clim.com\/index.php\/wp-json\/wp\/v2\/media\/105172"}],"wp:attachment":[{"href":"https:\/\/abinox-chr-clim.com\/index.php\/wp-json\/wp\/v2\/media?parent=65229"}],"wp:term":[{"taxonomy":"product_brand","embeddable":true,"href":"https:\/\/abinox-chr-clim.com\/index.php\/wp-json\/wp\/v2\/product_brand?post=65229"},{"taxonomy":"product_cat","embeddable":true,"href":"https:\/\/abinox-chr-clim.com\/index.php\/wp-json\/wp\/v2\/product_cat?post=65229"},{"taxonomy":"product_tag","embeddable":true,"href":"https:\/\/abinox-chr-clim.com\/index.php\/wp-json\/wp\/v2\/product_tag?post=65229"}],"curies":[{"name":"wp","href":"https:\/\/api.w.org\/{rel}","templated":true}]}}