{"id":65226,"date":"2024-03-22T14:49:41","date_gmt":"2024-03-22T13:49:41","guid":{"rendered":"https:\/\/abinox-chr-clim.com\/index.php\/product\/tasses-mugs-a-cafe-latte-olympia-athena-285ml-lot-de-12\/"},"modified":"2026-04-24T09:48:27","modified_gmt":"2026-04-24T07:48:27","slug":"tasses-mugs-a-cafe-latte-olympia-athena-285ml-lot-de-12","status":"publish","type":"product","link":"https:\/\/abinox-chr-clim.com\/index.php\/product\/tasses-mugs-a-cafe-latte-olympia-athena-285ml-lot-de-12\/","title":{"rendered":"Tasses mugs \u00e0 caf\u00e9 latte Olympia Athena 285ml (Lot de 12)"},"content":{"rendered":"<p>La couleur blanche apporte une touche \u00e9l\u00e9gante et classique. L&rsquo;\u00e9mail enti\u00e8rement vitrifi\u00e9 prot\u00e8ge contre les rayures, les fissures et les dommages caus\u00e9s par la chaleur et les chocs. Les bords arrondis permettent d&rsquo;\u00e9viter les \u00e9clats accidentels lors de l&rsquo;entretien ou du nettoyage.La poign\u00e9e ergonomique permet une prise en main confortable et un transport facile.Convient au lave-vaisselle, au micro-ondes, au four et au cong\u00e9lateur. Garantie Nisbets anti \u00e9br\u00e9chures. Dimensions: 99(H)x87(\u00d8)mm.Porcelaine enti\u00e8rement vitrifi\u00e9e, certifi\u00e9e BS4034, adapt\u00e9e \u00e0 un usage professionnel. La couleur blanche apporte une touche \u00e9l\u00e9gante et classique.<\/p>\n<p>Caract\u00e9ristiques :<br \/>Lot : 12.<br \/> Capacit\u00e9 : 285 ml.<br \/> Mati\u00e8re : Porcelaine.<br \/> Couleur : Blanc.<\/p>\n","protected":false},"excerpt":{"rendered":"<p>Tasses mugs \u00e0 caf\u00e9 latte Olympia Athena 285ml (Lot de 12)<\/p>\n","protected":false},"featured_media":101961,"comment_status":"closed","ping_status":"closed","template":"","meta":[],"product_brand":[],"product_cat":[1023,1044,1297,1043],"product_tag":[],"class_list":{"0":"post-65226","1":"product","2":"type-product","3":"status-publish","4":"has-post-thumbnail","6":"product_cat-art-de-la-table","7":"product_cat-athena-hotelware","8":"product_cat-non-palettisable","9":"product_cat-vaisselle","10":"product_shipping_class-free-shipping","12":"first","13":"instock","14":"featured","15":"taxable","16":"shipping-taxable","17":"purchasable","18":"product-type-simple"},"_links":{"self":[{"href":"https:\/\/abinox-chr-clim.com\/index.php\/wp-json\/wp\/v2\/product\/65226","targetHints":{"allow":["GET"]}}],"collection":[{"href":"https:\/\/abinox-chr-clim.com\/index.php\/wp-json\/wp\/v2\/product"}],"about":[{"href":"https:\/\/abinox-chr-clim.com\/index.php\/wp-json\/wp\/v2\/types\/product"}],"replies":[{"embeddable":true,"href":"https:\/\/abinox-chr-clim.com\/index.php\/wp-json\/wp\/v2\/comments?post=65226"}],"wp:featuredmedia":[{"embeddable":true,"href":"https:\/\/abinox-chr-clim.com\/index.php\/wp-json\/wp\/v2\/media\/101961"}],"wp:attachment":[{"href":"https:\/\/abinox-chr-clim.com\/index.php\/wp-json\/wp\/v2\/media?parent=65226"}],"wp:term":[{"taxonomy":"product_brand","embeddable":true,"href":"https:\/\/abinox-chr-clim.com\/index.php\/wp-json\/wp\/v2\/product_brand?post=65226"},{"taxonomy":"product_cat","embeddable":true,"href":"https:\/\/abinox-chr-clim.com\/index.php\/wp-json\/wp\/v2\/product_cat?post=65226"},{"taxonomy":"product_tag","embeddable":true,"href":"https:\/\/abinox-chr-clim.com\/index.php\/wp-json\/wp\/v2\/product_tag?post=65226"}],"curies":[{"name":"wp","href":"https:\/\/api.w.org\/{rel}","templated":true}]}}