{"id":65224,"date":"2024-03-22T14:49:40","date_gmt":"2024-03-22T13:49:40","guid":{"rendered":"https:\/\/abinox-chr-clim.com\/index.php\/product\/pots-a-lait-olympia-athena-170ml-lot-de-4\/"},"modified":"2026-04-24T08:49:15","modified_gmt":"2026-04-24T06:49:15","slug":"pots-a-lait-olympia-athena-170ml-lot-de-4","status":"publish","type":"product","link":"https:\/\/abinox-chr-clim.com\/index.php\/product\/pots-a-lait-olympia-athena-170ml-lot-de-4\/","title":{"rendered":"Pots \u00e0 lait Olympia Athena 170ml (Lot de 4)"},"content":{"rendered":"<p>L&rsquo;\u00e9mail super-vitrifi\u00e9 am\u00e9liore la r\u00e9sistance aux rayures, aux \u00e9clats et aux taches. Les bords roul\u00e9s anti-\u00e9clats permettent d&rsquo;\u00e9viter les \u00e9clats accidentels. La couleur blanc pur donne un aspect discret. Le bec verseur permet un versement contr\u00f4l\u00e9 et pr\u00e9cis. La poign\u00e9e confortable permet une distribution ais\u00e9e et confortable. Fourni en lot de 4 pour compl\u00e9ter votre collection de vaisselle. Cet article b\u00e9n\u00e9ficie de notre garantie \u00e0 vie contre les \u00e9br\u00e9chures. L&rsquo;\u00e9mail super-vitrifi\u00e9 am\u00e9liore la r\u00e9sistance aux rayures, aux \u00e9clats et aux taches.<\/p>\n<p>Caract\u00e9ristiques :<br \/>Lot : 4.<br \/> Capacit\u00e9 : 170 ml.<br \/> Dimensions : 75(H) x 75(L)mm. Avec poign\u00e9e: 75(H) x 100(L)mm.<br \/> Mati\u00e8re : Porcelaine.<br \/> Couleur : Blanc.<\/p>\n","protected":false},"excerpt":{"rendered":"<p>Pots \u00e0 lait Olympia Athena 170ml (Lot de 4)<\/p>\n","protected":false},"featured_media":82858,"comment_status":"closed","ping_status":"closed","template":"","meta":[],"product_brand":[],"product_cat":[1023,1044,1297,1043],"product_tag":[],"class_list":{"0":"post-65224","1":"product","2":"type-product","3":"status-publish","4":"has-post-thumbnail","6":"product_cat-art-de-la-table","7":"product_cat-athena-hotelware","8":"product_cat-non-palettisable","9":"product_cat-vaisselle","10":"product_shipping_class-free-shipping","12":"first","13":"instock","14":"featured","15":"taxable","16":"shipping-taxable","17":"purchasable","18":"product-type-simple"},"_links":{"self":[{"href":"https:\/\/abinox-chr-clim.com\/index.php\/wp-json\/wp\/v2\/product\/65224","targetHints":{"allow":["GET"]}}],"collection":[{"href":"https:\/\/abinox-chr-clim.com\/index.php\/wp-json\/wp\/v2\/product"}],"about":[{"href":"https:\/\/abinox-chr-clim.com\/index.php\/wp-json\/wp\/v2\/types\/product"}],"replies":[{"embeddable":true,"href":"https:\/\/abinox-chr-clim.com\/index.php\/wp-json\/wp\/v2\/comments?post=65224"}],"wp:featuredmedia":[{"embeddable":true,"href":"https:\/\/abinox-chr-clim.com\/index.php\/wp-json\/wp\/v2\/media\/82858"}],"wp:attachment":[{"href":"https:\/\/abinox-chr-clim.com\/index.php\/wp-json\/wp\/v2\/media?parent=65224"}],"wp:term":[{"taxonomy":"product_brand","embeddable":true,"href":"https:\/\/abinox-chr-clim.com\/index.php\/wp-json\/wp\/v2\/product_brand?post=65224"},{"taxonomy":"product_cat","embeddable":true,"href":"https:\/\/abinox-chr-clim.com\/index.php\/wp-json\/wp\/v2\/product_cat?post=65224"},{"taxonomy":"product_tag","embeddable":true,"href":"https:\/\/abinox-chr-clim.com\/index.php\/wp-json\/wp\/v2\/product_tag?post=65224"}],"curies":[{"name":"wp","href":"https:\/\/api.w.org\/{rel}","templated":true}]}}