{"id":65222,"date":"2024-03-22T14:49:40","date_gmt":"2024-03-22T13:49:40","guid":{"rendered":"https:\/\/abinox-chr-clim.com\/index.php\/product\/assiettes-a-bord-etroit-olympia-athena-165mm-lot-de-12\/"},"modified":"2026-04-23T08:17:11","modified_gmt":"2026-04-23T06:17:11","slug":"assiettes-a-bord-etroit-olympia-athena-165mm-lot-de-12","status":"publish","type":"product","link":"https:\/\/abinox-chr-clim.com\/index.php\/product\/assiettes-a-bord-etroit-olympia-athena-165mm-lot-de-12\/","title":{"rendered":"Assiettes \u00e0 bord \u00e9troit Olympia Athena 165mm (Lot de 12)"},"content":{"rendered":"<p>La couleur blanche \u00e9clatante donne un aspect classique et discret. La couleur blanche aide \u00e9galement \u00e0 mettre en valeur les tons naturels de vos ingr\u00e9dients. La gla\u00e7ure super-vitrifi\u00e9e am\u00e9liore la r\u00e9sistance aux rayures et aux taches. Les bords roul\u00e9s anti-\u00e9clats emp\u00eachent les \u00e9clats accidentels. Empilables pour un rangement simple et peu encombrant. Cet article b\u00e9n\u00e9ficie de notre garantie \u00e0 vie contre les \u00e9br\u00e9chures. La couleur blanche \u00e9clatante donne un aspect classique et discret.<\/p>\n<p>Caract\u00e9ristiques :<br \/>Lot : 12.<br \/> Dimensions : 20(H) x 165(\u00d8) mm.<br \/> Mati\u00e8re : Porcelaine.<br \/> Couleur : Blanc.<\/p>\n","protected":false},"excerpt":{"rendered":"<p>Assiettes \u00e0 bord \u00e9troit Olympia Athena 165mm (Lot de 12)<\/p>\n","protected":false},"featured_media":82800,"comment_status":"closed","ping_status":"closed","template":"","meta":[],"product_brand":[],"product_cat":[1023,1044,1297,1043],"product_tag":[],"class_list":{"0":"post-65222","1":"product","2":"type-product","3":"status-publish","4":"has-post-thumbnail","6":"product_cat-art-de-la-table","7":"product_cat-athena-hotelware","8":"product_cat-non-palettisable","9":"product_cat-vaisselle","10":"product_shipping_class-free-shipping","12":"first","13":"instock","14":"featured","15":"taxable","16":"shipping-taxable","17":"purchasable","18":"product-type-simple"},"_links":{"self":[{"href":"https:\/\/abinox-chr-clim.com\/index.php\/wp-json\/wp\/v2\/product\/65222","targetHints":{"allow":["GET"]}}],"collection":[{"href":"https:\/\/abinox-chr-clim.com\/index.php\/wp-json\/wp\/v2\/product"}],"about":[{"href":"https:\/\/abinox-chr-clim.com\/index.php\/wp-json\/wp\/v2\/types\/product"}],"replies":[{"embeddable":true,"href":"https:\/\/abinox-chr-clim.com\/index.php\/wp-json\/wp\/v2\/comments?post=65222"}],"wp:featuredmedia":[{"embeddable":true,"href":"https:\/\/abinox-chr-clim.com\/index.php\/wp-json\/wp\/v2\/media\/82800"}],"wp:attachment":[{"href":"https:\/\/abinox-chr-clim.com\/index.php\/wp-json\/wp\/v2\/media?parent=65222"}],"wp:term":[{"taxonomy":"product_brand","embeddable":true,"href":"https:\/\/abinox-chr-clim.com\/index.php\/wp-json\/wp\/v2\/product_brand?post=65222"},{"taxonomy":"product_cat","embeddable":true,"href":"https:\/\/abinox-chr-clim.com\/index.php\/wp-json\/wp\/v2\/product_cat?post=65222"},{"taxonomy":"product_tag","embeddable":true,"href":"https:\/\/abinox-chr-clim.com\/index.php\/wp-json\/wp\/v2\/product_tag?post=65222"}],"curies":[{"name":"wp","href":"https:\/\/api.w.org\/{rel}","templated":true}]}}