{"id":65210,"date":"2024-03-22T14:49:35","date_gmt":"2024-03-22T13:49:35","guid":{"rendered":"https:\/\/abinox-chr-clim.com\/index.php\/product\/theiere-ou-cafetiere-olympia-athena-430ml-lot-de-4\/"},"modified":"2026-04-15T08:41:58","modified_gmt":"2026-04-15T06:41:58","slug":"theiere-ou-cafetiere-olympia-athena-430ml-lot-de-4","status":"publish","type":"product","link":"https:\/\/abinox-chr-clim.com\/index.php\/product\/theiere-ou-cafetiere-olympia-athena-430ml-lot-de-4\/","title":{"rendered":"Th\u00e9i\u00e8re ou cafeti\u00e8re Olympia Athena 430ml (Lot de 4)"},"content":{"rendered":"<p>Th\u00e9i\u00e8re \/ cafeti\u00e8re pour deux tasses.<br \/>L&rsquo;\u00e9mail super-vitrifi\u00e9 am\u00e9liore la r\u00e9sistance aux rayures, aux \u00e9clats et aux taches. Les bords roul\u00e9s anti-\u00e9clats aident \u00e0 pr\u00e9venir les \u00e9clats accidentels. La couleur blanc pur ajoute une touche minimaliste et sophistiqu\u00e9e \u00e0 vos services. Leur conception durable et \u00e9l\u00e9gante les rend id\u00e9ales pour un usage professionnel. Fournis par lot de 4 pour vous permettre d&rsquo;\u00eatre toujours bien approvisionn\u00e9s. Le pied annel\u00e9 permet de r\u00e9duire le transfert de chaleur. Excellente isolation thermique pour garder les boissons chaudes plus longtemps.L&rsquo;\u00e9mail super-vitrifi\u00e9 am\u00e9liore la r\u00e9sistance aux rayures, aux \u00e9clats et aux taches.<\/p>\n<p>Caract\u00e9ristiques :<br \/>Lot : 4.<br \/> Capacit\u00e9 : 430 ml.<br \/> Dimensions : 57(H) x 107(P) mm.<br \/> Mati\u00e8re : Porcelaine.<br \/> Couleur : Blanc.<\/p>\n","protected":false},"excerpt":{"rendered":"<p>Th\u00e9i\u00e8re ou cafeti\u00e8re Olympia Athena 430ml (Lot de 4)<\/p>\n","protected":false},"featured_media":80826,"comment_status":"closed","ping_status":"closed","template":"","meta":[],"product_brand":[],"product_cat":[1023,1044,1297,1043],"product_tag":[],"class_list":{"0":"post-65210","1":"product","2":"type-product","3":"status-publish","4":"has-post-thumbnail","6":"product_cat-art-de-la-table","7":"product_cat-athena-hotelware","8":"product_cat-non-palettisable","9":"product_cat-vaisselle","10":"product_shipping_class-free-shipping","12":"first","13":"instock","14":"featured","15":"taxable","16":"shipping-taxable","17":"purchasable","18":"product-type-simple"},"_links":{"self":[{"href":"https:\/\/abinox-chr-clim.com\/index.php\/wp-json\/wp\/v2\/product\/65210","targetHints":{"allow":["GET"]}}],"collection":[{"href":"https:\/\/abinox-chr-clim.com\/index.php\/wp-json\/wp\/v2\/product"}],"about":[{"href":"https:\/\/abinox-chr-clim.com\/index.php\/wp-json\/wp\/v2\/types\/product"}],"replies":[{"embeddable":true,"href":"https:\/\/abinox-chr-clim.com\/index.php\/wp-json\/wp\/v2\/comments?post=65210"}],"wp:featuredmedia":[{"embeddable":true,"href":"https:\/\/abinox-chr-clim.com\/index.php\/wp-json\/wp\/v2\/media\/80826"}],"wp:attachment":[{"href":"https:\/\/abinox-chr-clim.com\/index.php\/wp-json\/wp\/v2\/media?parent=65210"}],"wp:term":[{"taxonomy":"product_brand","embeddable":true,"href":"https:\/\/abinox-chr-clim.com\/index.php\/wp-json\/wp\/v2\/product_brand?post=65210"},{"taxonomy":"product_cat","embeddable":true,"href":"https:\/\/abinox-chr-clim.com\/index.php\/wp-json\/wp\/v2\/product_cat?post=65210"},{"taxonomy":"product_tag","embeddable":true,"href":"https:\/\/abinox-chr-clim.com\/index.php\/wp-json\/wp\/v2\/product_tag?post=65210"}],"curies":[{"name":"wp","href":"https:\/\/api.w.org\/{rel}","templated":true}]}}