{"id":65205,"date":"2024-03-22T14:49:34","date_gmt":"2024-03-22T13:49:34","guid":{"rendered":"https:\/\/abinox-chr-clim.com\/index.php\/product\/bols-a-soupe-blancs-churchill-snack-attack-540ml-lot-de-6\/"},"modified":"2026-04-15T09:15:59","modified_gmt":"2026-04-15T07:15:59","slug":"bols-a-soupe-blancs-churchill-snack-attack-540ml-lot-de-6","status":"publish","type":"product","link":"https:\/\/abinox-chr-clim.com\/index.php\/product\/bols-a-soupe-blancs-churchill-snack-attack-540ml-lot-de-6\/","title":{"rendered":"Bols \u00e0 soupe blancs Churchill Snack Attack 540ml (lot de 6)"},"content":{"rendered":"<p>D&rsquo;une \u00e9l\u00e9gance discr\u00e8te et classique, cette gamme est fabriqu\u00e9e sp\u00e9cialement pour r\u00e9sister aux rigueurs de l&rsquo;industrie de la restauration. Chaque pi\u00e8ce est ultra vitrifi\u00e9e, cuite \u00e0 une haute temp\u00e9rature pendant plus de deux jours pour garantir robustesse et durabilit\u00e9. Les c\u00f4t\u00e9s et les bords r\u00e9sistent aux \u00e9clats et le pied est verni pour \u00e9viter les rayures et les marques de m\u00e9taux, tout en \u00e9tant plus hygi\u00e9nique. Gamme compatible lave-vaisselle et micro-ondes. Garantie de 5\u00a0ans contre les \u00e9clats sur les bords.<br \/>Couleur : blanche. Forme : ronde. Compatible lave-vaisselle et micro-ondes. Super vitrifi\u00e9. Talon vitrifi\u00e9 pour \u00e9viter les rayures. Bord r\u00e9sistant aux \u00e9clats.  Couleur : blanche.<\/p>\n<p>Caract\u00e9ristiques :<br \/>Lot : 6.<br \/> Capacit\u00e9 : 540 ml.<br \/> Mati\u00e8re : Porcelaine.<br \/> Couleur : Blanc.<\/p>\n","protected":false},"excerpt":{"rendered":"<p>Bols \u00e0 soupe blancs Churchill Snack Attack 540ml (lot de 6)<\/p>\n","protected":false},"featured_media":100377,"comment_status":"closed","ping_status":"closed","template":"","meta":[],"product_brand":[],"product_cat":[1023,1045,1297,1043],"product_tag":[],"class_list":{"0":"post-65205","1":"product","2":"type-product","3":"status-publish","4":"has-post-thumbnail","6":"product_cat-art-de-la-table","7":"product_cat-divers-vaisselle","8":"product_cat-non-palettisable","9":"product_cat-vaisselle","10":"product_shipping_class-free-shipping","12":"first","13":"outofstock","14":"featured","15":"taxable","16":"shipping-taxable","17":"purchasable","18":"product-type-simple"},"_links":{"self":[{"href":"https:\/\/abinox-chr-clim.com\/index.php\/wp-json\/wp\/v2\/product\/65205","targetHints":{"allow":["GET"]}}],"collection":[{"href":"https:\/\/abinox-chr-clim.com\/index.php\/wp-json\/wp\/v2\/product"}],"about":[{"href":"https:\/\/abinox-chr-clim.com\/index.php\/wp-json\/wp\/v2\/types\/product"}],"replies":[{"embeddable":true,"href":"https:\/\/abinox-chr-clim.com\/index.php\/wp-json\/wp\/v2\/comments?post=65205"}],"wp:featuredmedia":[{"embeddable":true,"href":"https:\/\/abinox-chr-clim.com\/index.php\/wp-json\/wp\/v2\/media\/100377"}],"wp:attachment":[{"href":"https:\/\/abinox-chr-clim.com\/index.php\/wp-json\/wp\/v2\/media?parent=65205"}],"wp:term":[{"taxonomy":"product_brand","embeddable":true,"href":"https:\/\/abinox-chr-clim.com\/index.php\/wp-json\/wp\/v2\/product_brand?post=65205"},{"taxonomy":"product_cat","embeddable":true,"href":"https:\/\/abinox-chr-clim.com\/index.php\/wp-json\/wp\/v2\/product_cat?post=65205"},{"taxonomy":"product_tag","embeddable":true,"href":"https:\/\/abinox-chr-clim.com\/index.php\/wp-json\/wp\/v2\/product_tag?post=65205"}],"curies":[{"name":"wp","href":"https:\/\/api.w.org\/{rel}","templated":true}]}}