{"id":65190,"date":"2024-03-22T14:49:29","date_gmt":"2024-03-22T13:49:29","guid":{"rendered":"https:\/\/abinox-chr-clim.com\/index.php\/product\/assiettes-avec-rebord-churchill-chefs-blanches-210mm-lot-de-6\/"},"modified":"2026-04-24T10:33:49","modified_gmt":"2026-04-24T08:33:49","slug":"assiettes-avec-rebord-churchill-chefs-blanches-210mm-lot-de-6","status":"publish","type":"product","link":"https:\/\/abinox-chr-clim.com\/index.php\/product\/assiettes-avec-rebord-churchill-chefs-blanches-210mm-lot-de-6\/","title":{"rendered":"Assiettes avec rebord Churchill Chefs blanches 210mm (lot de 6)"},"content":{"rendered":"<p>Les formes et les couleurs naturelles de la gamme Stonecast cr\u00e9ent la toile de fond parfaite pour les aliments frais. Articles disponibles sous 5 \u00e0 7 jours. Passe au four, au micro-ondes et au lave-vaisselle.<br \/>Offre une large toile de fond pour un dressage cr\u00e9atif. Coloris blanc \u00e9l\u00e9gant. D\u00e9cor\u00e9 \u00e0 la main, pour un rendu artisanal. Super vitrifi\u00e9 pour une solidit\u00e9 et une r\u00e9sistance aux rayures exceptionnelles. Empilable pour un rangement facile. Passe au micro-ondes. Compatible lave-vaisselle.Offre une large toile de fond pour un dressage cr\u00e9atif.<\/p>\n<p>Caract\u00e9ristiques :<br \/>Lot : 6.<br \/> Dimensions : 210(L) mm.<br \/> Mati\u00e8re : C\u00e9ramique super vitrifi\u00e9e.<br \/> Couleur : Blanc.<\/p>\n","protected":false},"excerpt":{"rendered":"<p>Assiettes avec rebord Churchill Chefs blanches 210mm (lot de 6)<\/p>\n","protected":false},"featured_media":97100,"comment_status":"closed","ping_status":"closed","template":"","meta":[],"product_brand":[],"product_cat":[1023,1045,1297,1043],"product_tag":[],"class_list":{"0":"post-65190","1":"product","2":"type-product","3":"status-publish","4":"has-post-thumbnail","6":"product_cat-art-de-la-table","7":"product_cat-divers-vaisselle","8":"product_cat-non-palettisable","9":"product_cat-vaisselle","10":"product_shipping_class-free-shipping","12":"first","13":"outofstock","14":"featured","15":"taxable","16":"shipping-taxable","17":"purchasable","18":"product-type-simple"},"_links":{"self":[{"href":"https:\/\/abinox-chr-clim.com\/index.php\/wp-json\/wp\/v2\/product\/65190","targetHints":{"allow":["GET"]}}],"collection":[{"href":"https:\/\/abinox-chr-clim.com\/index.php\/wp-json\/wp\/v2\/product"}],"about":[{"href":"https:\/\/abinox-chr-clim.com\/index.php\/wp-json\/wp\/v2\/types\/product"}],"replies":[{"embeddable":true,"href":"https:\/\/abinox-chr-clim.com\/index.php\/wp-json\/wp\/v2\/comments?post=65190"}],"wp:featuredmedia":[{"embeddable":true,"href":"https:\/\/abinox-chr-clim.com\/index.php\/wp-json\/wp\/v2\/media\/97100"}],"wp:attachment":[{"href":"https:\/\/abinox-chr-clim.com\/index.php\/wp-json\/wp\/v2\/media?parent=65190"}],"wp:term":[{"taxonomy":"product_brand","embeddable":true,"href":"https:\/\/abinox-chr-clim.com\/index.php\/wp-json\/wp\/v2\/product_brand?post=65190"},{"taxonomy":"product_cat","embeddable":true,"href":"https:\/\/abinox-chr-clim.com\/index.php\/wp-json\/wp\/v2\/product_cat?post=65190"},{"taxonomy":"product_tag","embeddable":true,"href":"https:\/\/abinox-chr-clim.com\/index.php\/wp-json\/wp\/v2\/product_tag?post=65190"}],"curies":[{"name":"wp","href":"https:\/\/api.w.org\/{rel}","templated":true}]}}