{"id":65157,"date":"2024-03-22T14:49:19","date_gmt":"2024-03-22T13:49:19","guid":{"rendered":"https:\/\/abinox-chr-clim.com\/index.php\/product\/bols-olympia-fondant-jaunes-152mm-lot-de-6\/"},"modified":"2026-04-02T10:05:30","modified_gmt":"2026-04-02T08:05:30","slug":"bols-olympia-fondant-jaunes-152mm-lot-de-6","status":"publish","type":"product","link":"https:\/\/abinox-chr-clim.com\/index.php\/product\/bols-olympia-fondant-jaunes-152mm-lot-de-6\/","title":{"rendered":"Bols Olympia Fondant jaunes 152mm (lot de 6)"},"content":{"rendered":"<p>Evitez la vaisselle enti\u00e8rement blanche sans utiliser de couleurs vives, pour une table \u00e9l\u00e9gante et originale.<br \/>Cette gamme ajoute une touche de couleur sans \u00eatre trop voyante. Passe au four et au lave-vaisselle pour une utilisation du four \u00e0 la table. Bords roul\u00e9s pour r\u00e9sister aux \u00e9clats. Empilable pour le stockage. Garantie \u00e0 vie contre les \u00e9br\u00e9chures.  Cette gamme ajoute une touche de couleur sans \u00eatre trop voyante.<\/p>\n<p>Caract\u00e9ristiques :<br \/>Lot : 6.<br \/> Dimensions : 152(\u00d8) mm.<br \/> Mati\u00e8re : Porcelaine.<br \/> Couleur : Jaune citron.<\/p>\n","protected":false},"excerpt":{"rendered":"<p>Bols Olympia Fondant jaunes 152mm (lot de 6)<\/p>\n","protected":false},"featured_media":86587,"comment_status":"closed","ping_status":"closed","template":"","meta":[],"product_brand":[],"product_cat":[1023,1045,1297,1043],"product_tag":[],"class_list":{"0":"post-65157","1":"product","2":"type-product","3":"status-publish","4":"has-post-thumbnail","6":"product_cat-art-de-la-table","7":"product_cat-divers-vaisselle","8":"product_cat-non-palettisable","9":"product_cat-vaisselle","10":"product_shipping_class-free-shipping","12":"first","13":"instock","14":"featured","15":"taxable","16":"shipping-taxable","17":"purchasable","18":"product-type-simple"},"_links":{"self":[{"href":"https:\/\/abinox-chr-clim.com\/index.php\/wp-json\/wp\/v2\/product\/65157","targetHints":{"allow":["GET"]}}],"collection":[{"href":"https:\/\/abinox-chr-clim.com\/index.php\/wp-json\/wp\/v2\/product"}],"about":[{"href":"https:\/\/abinox-chr-clim.com\/index.php\/wp-json\/wp\/v2\/types\/product"}],"replies":[{"embeddable":true,"href":"https:\/\/abinox-chr-clim.com\/index.php\/wp-json\/wp\/v2\/comments?post=65157"}],"wp:featuredmedia":[{"embeddable":true,"href":"https:\/\/abinox-chr-clim.com\/index.php\/wp-json\/wp\/v2\/media\/86587"}],"wp:attachment":[{"href":"https:\/\/abinox-chr-clim.com\/index.php\/wp-json\/wp\/v2\/media?parent=65157"}],"wp:term":[{"taxonomy":"product_brand","embeddable":true,"href":"https:\/\/abinox-chr-clim.com\/index.php\/wp-json\/wp\/v2\/product_brand?post=65157"},{"taxonomy":"product_cat","embeddable":true,"href":"https:\/\/abinox-chr-clim.com\/index.php\/wp-json\/wp\/v2\/product_cat?post=65157"},{"taxonomy":"product_tag","embeddable":true,"href":"https:\/\/abinox-chr-clim.com\/index.php\/wp-json\/wp\/v2\/product_tag?post=65157"}],"curies":[{"name":"wp","href":"https:\/\/api.w.org\/{rel}","templated":true}]}}