{"id":65143,"date":"2024-03-22T14:49:15","date_gmt":"2024-03-22T13:49:15","guid":{"rendered":"https:\/\/abinox-chr-clim.com\/index.php\/product\/assiettes-triangulaires-churchill-lotus-266mm-lot-de-12\/"},"modified":"2026-04-24T10:33:20","modified_gmt":"2026-04-24T08:33:20","slug":"assiettes-triangulaires-churchill-lotus-266mm-lot-de-12","status":"publish","type":"product","link":"https:\/\/abinox-chr-clim.com\/index.php\/product\/assiettes-triangulaires-churchill-lotus-266mm-lot-de-12\/","title":{"rendered":"Assiettes triangulaires Churchill Lotus 266mm (lot de 12)"},"content":{"rendered":"<p>Des articles \u00e9l\u00e9gants, inspir\u00e9s de la fleur de Lotus.<br \/>Couleur : Blanc. Forme : Triangulaire. Passe au micro-ondes, au cong\u00e9lateur et au lave-vaisselle. Facilement empilable. R\u00e9sistant aux rayures. Bords r\u00e9sistants aux \u00e9clats.  Couleur : Blanc.<\/p>\n<p>Caract\u00e9ristiques :<br \/>Lot : 12.<br \/> Dimensions : 266(\u00d8) mm.<br \/> Mati\u00e8re : Porcelaine.<br \/> Couleur : Blanc.<\/p>\n","protected":false},"excerpt":{"rendered":"<p>Assiettes triangulaires Churchill Lotus 266mm (lot de 12)<\/p>\n","protected":false},"featured_media":82964,"comment_status":"closed","ping_status":"closed","template":"","meta":[],"product_brand":[],"product_cat":[1023,1045,1297,1043],"product_tag":[],"class_list":{"0":"post-65143","1":"product","2":"type-product","3":"status-publish","4":"has-post-thumbnail","6":"product_cat-art-de-la-table","7":"product_cat-divers-vaisselle","8":"product_cat-non-palettisable","9":"product_cat-vaisselle","10":"product_shipping_class-free-shipping","12":"first","13":"instock","14":"featured","15":"taxable","16":"shipping-taxable","17":"purchasable","18":"product-type-simple"},"_links":{"self":[{"href":"https:\/\/abinox-chr-clim.com\/index.php\/wp-json\/wp\/v2\/product\/65143","targetHints":{"allow":["GET"]}}],"collection":[{"href":"https:\/\/abinox-chr-clim.com\/index.php\/wp-json\/wp\/v2\/product"}],"about":[{"href":"https:\/\/abinox-chr-clim.com\/index.php\/wp-json\/wp\/v2\/types\/product"}],"replies":[{"embeddable":true,"href":"https:\/\/abinox-chr-clim.com\/index.php\/wp-json\/wp\/v2\/comments?post=65143"}],"wp:featuredmedia":[{"embeddable":true,"href":"https:\/\/abinox-chr-clim.com\/index.php\/wp-json\/wp\/v2\/media\/82964"}],"wp:attachment":[{"href":"https:\/\/abinox-chr-clim.com\/index.php\/wp-json\/wp\/v2\/media?parent=65143"}],"wp:term":[{"taxonomy":"product_brand","embeddable":true,"href":"https:\/\/abinox-chr-clim.com\/index.php\/wp-json\/wp\/v2\/product_brand?post=65143"},{"taxonomy":"product_cat","embeddable":true,"href":"https:\/\/abinox-chr-clim.com\/index.php\/wp-json\/wp\/v2\/product_cat?post=65143"},{"taxonomy":"product_tag","embeddable":true,"href":"https:\/\/abinox-chr-clim.com\/index.php\/wp-json\/wp\/v2\/product_tag?post=65143"}],"curies":[{"name":"wp","href":"https:\/\/api.w.org\/{rel}","templated":true}]}}