{"id":65142,"date":"2024-03-22T14:49:15","date_gmt":"2024-03-22T13:49:15","guid":{"rendered":"https:\/\/abinox-chr-clim.com\/index.php\/product\/serviettes-blanches-en-coton-motif-feuille-de-lierre-mitre-luxury-luxor-550-x-550mm\/"},"modified":"2026-04-02T09:37:23","modified_gmt":"2026-04-02T07:37:23","slug":"serviettes-blanches-en-coton-motif-feuille-de-lierre-mitre-luxury-luxor-550-x-550mm","status":"publish","type":"product","link":"https:\/\/abinox-chr-clim.com\/index.php\/product\/serviettes-blanches-en-coton-motif-feuille-de-lierre-mitre-luxury-luxor-550-x-550mm\/","title":{"rendered":"Serviettes blanches en coton motif feuille de lierre Mitre Luxury Luxor 550 x 550mm"},"content":{"rendered":"<p>Linge de table 100% coton, \u00e0 la fois r\u00e9sistant et \u00e9l\u00e9gant, avec un motif feuille de lierre. Mercerisage pour plus de durabilit\u00e9. Facile \u00e0 entretenir et lavable en machine.<br \/>Les bords ourl\u00e9s ajoutent une touche unique et sophistiqu\u00e9e. Le coton r\u00e9sistant permet une utilisation durable dans les salles \u00e0 manger professionnelles. Lavable en machine pour un nettoyage rapide et complet. Le motif de la feuille de lierre apporte une touche d&rsquo;\u00e9l\u00e9gance \u00e0 votre d\u00e9coration int\u00e9rieure. Le tissu \u00e9pais prot\u00e8ge les v\u00eatements de vos clients contre les taches et les marques. Le tissu doux au toucher procure une sensation de qualit\u00e9. Ne convient pas au s\u00e9chage en machine.Les bords ourl\u00e9s ajoutent une touche unique et sophistiqu\u00e9e.<\/p>\n<p>Caract\u00e9ristiques :<br \/>Lot : 10.<br \/> Dimensions : 550(W) x 550(L)mm.<br \/> Mati\u00e8re : Coton.<br \/> Poids du tissu : 190g\/m\u00b2.<br \/> Couleur : Blanc.<\/p>\n","protected":false},"excerpt":{"rendered":"<p>Serviettes blanches en coton motif feuille de lierre Mitre Luxury Luxor 550 x 550mm<\/p>\n","protected":false},"featured_media":104936,"comment_status":"closed","ping_status":"closed","template":"","meta":[],"product_brand":[],"product_cat":[1023,1039,1297,1042],"product_tag":[],"class_list":{"0":"post-65142","1":"product","2":"type-product","3":"status-publish","4":"has-post-thumbnail","6":"product_cat-art-de-la-table","7":"product_cat-linge-de-table","8":"product_cat-non-palettisable","9":"product_cat-serviettes-et-sets-de-table","10":"product_shipping_class-free-shipping","12":"first","13":"instock","14":"featured","15":"taxable","16":"shipping-taxable","17":"purchasable","18":"product-type-simple"},"_links":{"self":[{"href":"https:\/\/abinox-chr-clim.com\/index.php\/wp-json\/wp\/v2\/product\/65142","targetHints":{"allow":["GET"]}}],"collection":[{"href":"https:\/\/abinox-chr-clim.com\/index.php\/wp-json\/wp\/v2\/product"}],"about":[{"href":"https:\/\/abinox-chr-clim.com\/index.php\/wp-json\/wp\/v2\/types\/product"}],"replies":[{"embeddable":true,"href":"https:\/\/abinox-chr-clim.com\/index.php\/wp-json\/wp\/v2\/comments?post=65142"}],"wp:featuredmedia":[{"embeddable":true,"href":"https:\/\/abinox-chr-clim.com\/index.php\/wp-json\/wp\/v2\/media\/104936"}],"wp:attachment":[{"href":"https:\/\/abinox-chr-clim.com\/index.php\/wp-json\/wp\/v2\/media?parent=65142"}],"wp:term":[{"taxonomy":"product_brand","embeddable":true,"href":"https:\/\/abinox-chr-clim.com\/index.php\/wp-json\/wp\/v2\/product_brand?post=65142"},{"taxonomy":"product_cat","embeddable":true,"href":"https:\/\/abinox-chr-clim.com\/index.php\/wp-json\/wp\/v2\/product_cat?post=65142"},{"taxonomy":"product_tag","embeddable":true,"href":"https:\/\/abinox-chr-clim.com\/index.php\/wp-json\/wp\/v2\/product_tag?post=65142"}],"curies":[{"name":"wp","href":"https:\/\/api.w.org\/{rel}","templated":true}]}}