{"id":65140,"date":"2024-03-22T14:49:14","date_gmt":"2024-03-22T13:49:14","guid":{"rendered":"https:\/\/abinox-chr-clim.com\/index.php\/product\/sets-de-table-en-simili-cuir-olympia-lot-de-4\/"},"modified":"2025-11-11T08:19:37","modified_gmt":"2025-11-11T07:19:37","slug":"sets-de-table-en-simili-cuir-olympia-lot-de-4","status":"publish","type":"product","link":"https:\/\/abinox-chr-clim.com\/index.php\/product\/sets-de-table-en-simili-cuir-olympia-lot-de-4\/","title":{"rendered":"Sets de table en simili cuir Olympia (lot de 4)"},"content":{"rendered":"<p>En simili cuir marron pour une atmosph\u00e8re luxueuse et sophistiqu\u00e9e. R\u00e9siste \u00e0 une chaleur maximale de 70\u00b0C.<br \/>Garde votre linge de table plus propre et prot\u00e8ge les surfaces contre les taches. R\u00e9sistant \u00e0 la chaleur jusqu&rsquo;\u00e0 70\u00b0C pour prot\u00e9ger votre table des marques d&rsquo;assiettes chaudes. Fabriqu\u00e9 \u00e0 partir de cuir synth\u00e9tique pour une sensation luxueuse et sophistiqu\u00e9e. Marron fonc\u00e9 avec coutures ext\u00e9rieures \u00e9l\u00e9gantes pour compl\u00e9ter votre linge de table l\u00e9ger. Vendu par lot de quatre pour une utilisation sur toutes les tailles de table standard.  Garde votre linge de table plus propre et prot\u00e8ge les surfaces contre les taches.<\/p>\n<p>Caract\u00e9ristiques :<br \/>Lot : 4.<br \/> Dimensions : 300x 200mm.<br \/> Mati\u00e8re : Simili cuir.<br \/> Couleur : Marron.<\/p>\n","protected":false},"excerpt":{"rendered":"<p>Sets de table en simili cuir Olympia (lot de 4)<\/p>\n","protected":false},"featured_media":101929,"comment_status":"closed","ping_status":"closed","template":"","meta":[],"product_brand":[],"product_cat":[1023,1039,1297,1042],"product_tag":[],"class_list":{"0":"post-65140","1":"product","2":"type-product","3":"status-publish","4":"has-post-thumbnail","6":"product_cat-art-de-la-table","7":"product_cat-linge-de-table","8":"product_cat-non-palettisable","9":"product_cat-serviettes-et-sets-de-table","10":"product_shipping_class-free-shipping","12":"first","13":"outofstock","14":"featured","15":"taxable","16":"shipping-taxable","17":"purchasable","18":"product-type-simple"},"_links":{"self":[{"href":"https:\/\/abinox-chr-clim.com\/index.php\/wp-json\/wp\/v2\/product\/65140","targetHints":{"allow":["GET"]}}],"collection":[{"href":"https:\/\/abinox-chr-clim.com\/index.php\/wp-json\/wp\/v2\/product"}],"about":[{"href":"https:\/\/abinox-chr-clim.com\/index.php\/wp-json\/wp\/v2\/types\/product"}],"replies":[{"embeddable":true,"href":"https:\/\/abinox-chr-clim.com\/index.php\/wp-json\/wp\/v2\/comments?post=65140"}],"wp:featuredmedia":[{"embeddable":true,"href":"https:\/\/abinox-chr-clim.com\/index.php\/wp-json\/wp\/v2\/media\/101929"}],"wp:attachment":[{"href":"https:\/\/abinox-chr-clim.com\/index.php\/wp-json\/wp\/v2\/media?parent=65140"}],"wp:term":[{"taxonomy":"product_brand","embeddable":true,"href":"https:\/\/abinox-chr-clim.com\/index.php\/wp-json\/wp\/v2\/product_brand?post=65140"},{"taxonomy":"product_cat","embeddable":true,"href":"https:\/\/abinox-chr-clim.com\/index.php\/wp-json\/wp\/v2\/product_cat?post=65140"},{"taxonomy":"product_tag","embeddable":true,"href":"https:\/\/abinox-chr-clim.com\/index.php\/wp-json\/wp\/v2\/product_tag?post=65140"}],"curies":[{"name":"wp","href":"https:\/\/api.w.org\/{rel}","templated":true}]}}