{"id":65137,"date":"2024-03-22T14:49:13","date_gmt":"2024-03-22T13:49:13","guid":{"rendered":"https:\/\/abinox-chr-clim.com\/index.php\/product\/serviettes-cocktail-2-plis-compostables-vegware-24cm-lot-de-4000\/"},"modified":"2026-04-24T10:13:39","modified_gmt":"2026-04-24T08:13:39","slug":"serviettes-cocktail-2-plis-compostables-vegware-24cm-lot-de-4000","status":"publish","type":"product","link":"https:\/\/abinox-chr-clim.com\/index.php\/product\/serviettes-cocktail-2-plis-compostables-vegware-24cm-lot-de-4000\/","title":{"rendered":"Serviettes cocktail 2 plis compostables Vegware 24cm (Lot de 4000)"},"content":{"rendered":"<p>Serviette 2 plis \u00e9paisse et absorbante. Enti\u00e8rement compostable en moins de 12 semaines dans une installation de compostage industrielle. En fibres recycl\u00e9es non blanchies. Fabriqu\u00e9 au Royaume-Uni. Id\u00e9al pour les cocktails et petits snacking. La couleur naturelle offre un aspect organique.  Serviette 2 plis \u00e9paisse et absorbante.<\/p>\n<p>Caract\u00e9ristiques :<br \/>Lot : 4000.<br \/> Dimensions : 24(L) x 24(P) mm.<br \/> Mati\u00e8re : Papier<\/p>\n","protected":false},"excerpt":{"rendered":"<p>Serviettes cocktail 2 plis compostables Vegware 24cm (Lot de 4000)<\/p>\n","protected":false},"featured_media":96657,"comment_status":"closed","ping_status":"closed","template":"","meta":[],"product_brand":[],"product_cat":[1023,1039,1297,1042],"product_tag":[],"class_list":{"0":"post-65137","1":"product","2":"type-product","3":"status-publish","4":"has-post-thumbnail","6":"product_cat-art-de-la-table","7":"product_cat-linge-de-table","8":"product_cat-non-palettisable","9":"product_cat-serviettes-et-sets-de-table","10":"product_shipping_class-free-shipping","12":"first","13":"instock","14":"featured","15":"taxable","16":"shipping-taxable","17":"purchasable","18":"product-type-simple"},"_links":{"self":[{"href":"https:\/\/abinox-chr-clim.com\/index.php\/wp-json\/wp\/v2\/product\/65137","targetHints":{"allow":["GET"]}}],"collection":[{"href":"https:\/\/abinox-chr-clim.com\/index.php\/wp-json\/wp\/v2\/product"}],"about":[{"href":"https:\/\/abinox-chr-clim.com\/index.php\/wp-json\/wp\/v2\/types\/product"}],"replies":[{"embeddable":true,"href":"https:\/\/abinox-chr-clim.com\/index.php\/wp-json\/wp\/v2\/comments?post=65137"}],"wp:featuredmedia":[{"embeddable":true,"href":"https:\/\/abinox-chr-clim.com\/index.php\/wp-json\/wp\/v2\/media\/96657"}],"wp:attachment":[{"href":"https:\/\/abinox-chr-clim.com\/index.php\/wp-json\/wp\/v2\/media?parent=65137"}],"wp:term":[{"taxonomy":"product_brand","embeddable":true,"href":"https:\/\/abinox-chr-clim.com\/index.php\/wp-json\/wp\/v2\/product_brand?post=65137"},{"taxonomy":"product_cat","embeddable":true,"href":"https:\/\/abinox-chr-clim.com\/index.php\/wp-json\/wp\/v2\/product_cat?post=65137"},{"taxonomy":"product_tag","embeddable":true,"href":"https:\/\/abinox-chr-clim.com\/index.php\/wp-json\/wp\/v2\/product_tag?post=65137"}],"curies":[{"name":"wp","href":"https:\/\/api.w.org\/{rel}","templated":true}]}}