{"id":65136,"date":"2024-03-22T14:49:13","date_gmt":"2024-03-22T13:49:13","guid":{"rendered":"https:\/\/abinox-chr-clim.com\/index.php\/product\/serviettes-snacking-2-plis-compostables-vegware-33cm-lot-de-2000\/"},"modified":"2026-04-11T09:50:03","modified_gmt":"2026-04-11T07:50:03","slug":"serviettes-snacking-2-plis-compostables-vegware-33cm-lot-de-2000","status":"publish","type":"product","link":"https:\/\/abinox-chr-clim.com\/index.php\/product\/serviettes-snacking-2-plis-compostables-vegware-33cm-lot-de-2000\/","title":{"rendered":"Serviettes snacking 2 plis compostables Vegware 33cm (Lot de 2000)"},"content":{"rendered":"<p>Enti\u00e8rement compostable en moins de 12 semaines dans une installation de compostage industrielle. Id\u00e9al comme alternative \u00e9cologique aux serviettes non compostables. La couleur naturelle offre un aspect organique. La construction 2 plis offre une excellente r\u00e9sistance et capacit\u00e9 d&rsquo;absorption. Doux au toucher pour une utilisation confortable et luxueuse. Lot de 2000 vous offrant un stock durable.  Enti\u00e8rement compostable en moins de 12 semaines dans une installation de compostage industrielle.<\/p>\n<p>Caract\u00e9ristiques :<br \/>Lot : 2000.<br \/> Dimensions : 330(l) x 330(P) mm.<br \/> Mati\u00e8re : Papier<\/p>\n","protected":false},"excerpt":{"rendered":"<p>Serviettes snacking 2 plis compostables Vegware 33cm (Lot de 2000)<\/p>\n","protected":false},"featured_media":96680,"comment_status":"closed","ping_status":"closed","template":"","meta":[],"product_brand":[],"product_cat":[1023,1039,1297,1042],"product_tag":[],"class_list":{"0":"post-65136","1":"product","2":"type-product","3":"status-publish","4":"has-post-thumbnail","6":"product_cat-art-de-la-table","7":"product_cat-linge-de-table","8":"product_cat-non-palettisable","9":"product_cat-serviettes-et-sets-de-table","10":"product_shipping_class-free-shipping","12":"first","13":"outofstock","14":"featured","15":"taxable","16":"shipping-taxable","17":"purchasable","18":"product-type-simple"},"_links":{"self":[{"href":"https:\/\/abinox-chr-clim.com\/index.php\/wp-json\/wp\/v2\/product\/65136","targetHints":{"allow":["GET"]}}],"collection":[{"href":"https:\/\/abinox-chr-clim.com\/index.php\/wp-json\/wp\/v2\/product"}],"about":[{"href":"https:\/\/abinox-chr-clim.com\/index.php\/wp-json\/wp\/v2\/types\/product"}],"replies":[{"embeddable":true,"href":"https:\/\/abinox-chr-clim.com\/index.php\/wp-json\/wp\/v2\/comments?post=65136"}],"wp:featuredmedia":[{"embeddable":true,"href":"https:\/\/abinox-chr-clim.com\/index.php\/wp-json\/wp\/v2\/media\/96680"}],"wp:attachment":[{"href":"https:\/\/abinox-chr-clim.com\/index.php\/wp-json\/wp\/v2\/media?parent=65136"}],"wp:term":[{"taxonomy":"product_brand","embeddable":true,"href":"https:\/\/abinox-chr-clim.com\/index.php\/wp-json\/wp\/v2\/product_brand?post=65136"},{"taxonomy":"product_cat","embeddable":true,"href":"https:\/\/abinox-chr-clim.com\/index.php\/wp-json\/wp\/v2\/product_cat?post=65136"},{"taxonomy":"product_tag","embeddable":true,"href":"https:\/\/abinox-chr-clim.com\/index.php\/wp-json\/wp\/v2\/product_tag?post=65136"}],"curies":[{"name":"wp","href":"https:\/\/api.w.org\/{rel}","templated":true}]}}