{"id":65134,"date":"2024-03-22T14:49:12","date_gmt":"2024-03-22T13:49:12","guid":{"rendered":"https:\/\/abinox-chr-clim.com\/index.php\/product\/serviettes-cocktail-kraft-recyclees-250mm-2-plis-pliage-1-4-lot-de-2000\/"},"modified":"2026-04-24T10:14:47","modified_gmt":"2026-04-24T08:14:47","slug":"serviettes-cocktail-kraft-recyclees-250mm-2-plis-pliage-1-4-lot-de-2000","status":"publish","type":"product","link":"https:\/\/abinox-chr-clim.com\/index.php\/product\/serviettes-cocktail-kraft-recyclees-250mm-2-plis-pliage-1-4-lot-de-2000\/","title":{"rendered":"Serviettes cocktail kraft recycl\u00e9es 250mm 2 plis pliage 1\/4 (lot de 2000)"},"content":{"rendered":"<p>Fabriqu\u00e9es \u00e0\u00a0 partir de tissu double \u00e9paisseur, doux et absorbant. Enti\u00e8rement compostable. Fabriqu\u00e9es \u00e0\u00a0 partir de papier kraft recycl\u00e9. Douces au toucher. Fabriqu\u00e9es \u00e0\u00a0 partir de tissu double \u00e9paisseur, doux et absorbant.<\/p>\n<p>Caract\u00e9ristiques :<br \/>Lot : 2000.<br \/> Dimensions : 250(L) mm.<br \/> Mati\u00e8re : Papier<\/p>\n","protected":false},"excerpt":{"rendered":"<p>Serviettes cocktail kraft recycl\u00e9es 250mm 2 plis pliage 1\/4 (lot de 2000)<\/p>\n","protected":false},"featured_media":87382,"comment_status":"closed","ping_status":"closed","template":"","meta":[],"product_brand":[],"product_cat":[1023,1039,1297,1042],"product_tag":[],"class_list":{"0":"post-65134","1":"product","2":"type-product","3":"status-publish","4":"has-post-thumbnail","6":"product_cat-art-de-la-table","7":"product_cat-linge-de-table","8":"product_cat-non-palettisable","9":"product_cat-serviettes-et-sets-de-table","10":"product_shipping_class-free-shipping","12":"first","13":"instock","14":"featured","15":"taxable","16":"shipping-taxable","17":"purchasable","18":"product-type-simple"},"_links":{"self":[{"href":"https:\/\/abinox-chr-clim.com\/index.php\/wp-json\/wp\/v2\/product\/65134","targetHints":{"allow":["GET"]}}],"collection":[{"href":"https:\/\/abinox-chr-clim.com\/index.php\/wp-json\/wp\/v2\/product"}],"about":[{"href":"https:\/\/abinox-chr-clim.com\/index.php\/wp-json\/wp\/v2\/types\/product"}],"replies":[{"embeddable":true,"href":"https:\/\/abinox-chr-clim.com\/index.php\/wp-json\/wp\/v2\/comments?post=65134"}],"wp:featuredmedia":[{"embeddable":true,"href":"https:\/\/abinox-chr-clim.com\/index.php\/wp-json\/wp\/v2\/media\/87382"}],"wp:attachment":[{"href":"https:\/\/abinox-chr-clim.com\/index.php\/wp-json\/wp\/v2\/media?parent=65134"}],"wp:term":[{"taxonomy":"product_brand","embeddable":true,"href":"https:\/\/abinox-chr-clim.com\/index.php\/wp-json\/wp\/v2\/product_brand?post=65134"},{"taxonomy":"product_cat","embeddable":true,"href":"https:\/\/abinox-chr-clim.com\/index.php\/wp-json\/wp\/v2\/product_cat?post=65134"},{"taxonomy":"product_tag","embeddable":true,"href":"https:\/\/abinox-chr-clim.com\/index.php\/wp-json\/wp\/v2\/product_tag?post=65134"}],"curies":[{"name":"wp","href":"https:\/\/api.w.org\/{rel}","templated":true}]}}