{"id":65130,"date":"2024-03-22T14:49:09","date_gmt":"2024-03-22T13:49:09","guid":{"rendered":"https:\/\/abinox-chr-clim.com\/index.php\/product\/set-de-table-en-simili-cuir-olympia-300-x-400mm\/"},"modified":"2026-04-15T08:44:31","modified_gmt":"2026-04-15T06:44:31","slug":"set-de-table-en-simili-cuir-olympia-300-x-400mm","status":"publish","type":"product","link":"https:\/\/abinox-chr-clim.com\/index.php\/product\/set-de-table-en-simili-cuir-olympia-300-x-400mm\/","title":{"rendered":"Set de table en simili cuir Olympia 300 x 400mm"},"content":{"rendered":"<p>Large pour couvrir une grande partie de la table. Le mat\u00e9riau est r\u00e9sistant et durable. Faux cuir, adapt\u00e9 aux lieux v\u00e9g\u00e9taliens et v\u00e9g\u00e9tariens. Essuyable pour un nettoyage facile. Large pour couvrir une grande partie de la table.<\/p>\n<p>Caract\u00e9ristiques :<br \/> Dimensions : 400 x 300mm.<br \/> Mati\u00e8re : Simili cuir.<br \/> Couleur : Marron.<\/p>\n","protected":false},"excerpt":{"rendered":"<p>Set de table en simili cuir Olympia 300 x 400mm<\/p>\n","protected":false},"featured_media":82230,"comment_status":"closed","ping_status":"closed","template":"","meta":[],"product_brand":[],"product_cat":[1023,1039,1297,1042],"product_tag":[],"class_list":{"0":"post-65130","1":"product","2":"type-product","3":"status-publish","4":"has-post-thumbnail","6":"product_cat-art-de-la-table","7":"product_cat-linge-de-table","8":"product_cat-non-palettisable","9":"product_cat-serviettes-et-sets-de-table","10":"product_shipping_class-free-shipping","12":"first","13":"instock","14":"featured","15":"taxable","16":"shipping-taxable","17":"purchasable","18":"product-type-simple"},"_links":{"self":[{"href":"https:\/\/abinox-chr-clim.com\/index.php\/wp-json\/wp\/v2\/product\/65130","targetHints":{"allow":["GET"]}}],"collection":[{"href":"https:\/\/abinox-chr-clim.com\/index.php\/wp-json\/wp\/v2\/product"}],"about":[{"href":"https:\/\/abinox-chr-clim.com\/index.php\/wp-json\/wp\/v2\/types\/product"}],"replies":[{"embeddable":true,"href":"https:\/\/abinox-chr-clim.com\/index.php\/wp-json\/wp\/v2\/comments?post=65130"}],"wp:featuredmedia":[{"embeddable":true,"href":"https:\/\/abinox-chr-clim.com\/index.php\/wp-json\/wp\/v2\/media\/82230"}],"wp:attachment":[{"href":"https:\/\/abinox-chr-clim.com\/index.php\/wp-json\/wp\/v2\/media?parent=65130"}],"wp:term":[{"taxonomy":"product_brand","embeddable":true,"href":"https:\/\/abinox-chr-clim.com\/index.php\/wp-json\/wp\/v2\/product_brand?post=65130"},{"taxonomy":"product_cat","embeddable":true,"href":"https:\/\/abinox-chr-clim.com\/index.php\/wp-json\/wp\/v2\/product_cat?post=65130"},{"taxonomy":"product_tag","embeddable":true,"href":"https:\/\/abinox-chr-clim.com\/index.php\/wp-json\/wp\/v2\/product_tag?post=65130"}],"curies":[{"name":"wp","href":"https:\/\/api.w.org\/{rel}","templated":true}]}}