{"id":65126,"date":"2024-03-22T14:49:08","date_gmt":"2024-03-22T13:49:08","guid":{"rendered":"https:\/\/abinox-chr-clim.com\/index.php\/product\/nappe-carree-a-carreaux-rouges-en-polyester-mitre-comfort-gingham-1320-x-1320mm\/"},"modified":"2026-04-14T10:02:03","modified_gmt":"2026-04-14T08:02:03","slug":"nappe-carree-a-carreaux-rouges-en-polyester-mitre-comfort-gingham-1320-x-1320mm","status":"publish","type":"product","link":"https:\/\/abinox-chr-clim.com\/index.php\/product\/nappe-carree-a-carreaux-rouges-en-polyester-mitre-comfort-gingham-1320-x-1320mm\/","title":{"rendered":"Nappe carr\u00e9e \u00e0 carreaux rouges en polyester Mitre Comfort Gingham 1320 x 1320mm"},"content":{"rendered":"<p>Ajoutez une touche traditionnelle \u00e0 votre \u00e9tablissement. Tissu \u00e0 carreaux rouges et blancs, doux au toucher, en polyester facile d&rsquo;entretien pour un nappage durable, aussi \u00e9l\u00e9gant que r\u00e9sistant.<br \/>Bords ourl\u00e9s. Tissu facile \u00e0 entretenir. Durable. Lavable en machine. S\u00e9chage rapide.  Bords ourl\u00e9s.<\/p>\n<p>Caract\u00e9ristiques :<br \/> Dimensions : 1320(L) x 1320(P)mm.<br \/> Mati\u00e8re : Polyester.<br \/> Couleur : A motifs.<\/p>\n","protected":false},"excerpt":{"rendered":"<p>Nappe carr\u00e9e \u00e0 carreaux rouges en polyester Mitre Comfort Gingham 1320 x 1320mm<\/p>\n","protected":false},"featured_media":104012,"comment_status":"closed","ping_status":"closed","template":"","meta":[],"product_brand":[],"product_cat":[1023,1039,1041,1297],"product_tag":[],"class_list":{"0":"post-65126","1":"product","2":"type-product","3":"status-publish","4":"has-post-thumbnail","6":"product_cat-art-de-la-table","7":"product_cat-linge-de-table","8":"product_cat-nappes","9":"product_cat-non-palettisable","10":"product_shipping_class-free-shipping","12":"first","13":"instock","14":"featured","15":"taxable","16":"shipping-taxable","17":"purchasable","18":"product-type-simple"},"_links":{"self":[{"href":"https:\/\/abinox-chr-clim.com\/index.php\/wp-json\/wp\/v2\/product\/65126","targetHints":{"allow":["GET"]}}],"collection":[{"href":"https:\/\/abinox-chr-clim.com\/index.php\/wp-json\/wp\/v2\/product"}],"about":[{"href":"https:\/\/abinox-chr-clim.com\/index.php\/wp-json\/wp\/v2\/types\/product"}],"replies":[{"embeddable":true,"href":"https:\/\/abinox-chr-clim.com\/index.php\/wp-json\/wp\/v2\/comments?post=65126"}],"wp:featuredmedia":[{"embeddable":true,"href":"https:\/\/abinox-chr-clim.com\/index.php\/wp-json\/wp\/v2\/media\/104012"}],"wp:attachment":[{"href":"https:\/\/abinox-chr-clim.com\/index.php\/wp-json\/wp\/v2\/media?parent=65126"}],"wp:term":[{"taxonomy":"product_brand","embeddable":true,"href":"https:\/\/abinox-chr-clim.com\/index.php\/wp-json\/wp\/v2\/product_brand?post=65126"},{"taxonomy":"product_cat","embeddable":true,"href":"https:\/\/abinox-chr-clim.com\/index.php\/wp-json\/wp\/v2\/product_cat?post=65126"},{"taxonomy":"product_tag","embeddable":true,"href":"https:\/\/abinox-chr-clim.com\/index.php\/wp-json\/wp\/v2\/product_tag?post=65126"}],"curies":[{"name":"wp","href":"https:\/\/api.w.org\/{rel}","templated":true}]}}