{"id":65124,"date":"2024-03-22T14:49:08","date_gmt":"2024-03-22T13:49:08","guid":{"rendered":"https:\/\/abinox-chr-clim.com\/index.php\/product\/nappe-noire-mitre-essentials-occasions-2290-x-2290mm\/"},"modified":"2026-04-02T09:37:27","modified_gmt":"2026-04-02T07:37:27","slug":"nappe-noire-mitre-essentials-occasions-2290-x-2290mm","status":"publish","type":"product","link":"https:\/\/abinox-chr-clim.com\/index.php\/product\/nappe-noire-mitre-essentials-occasions-2290-x-2290mm\/","title":{"rendered":"Nappe noire Mitre Essentials Occasions 2290 x 2290mm"},"content":{"rendered":"<p>Ce linge de table 100 % polyester \u00e9pais pr\u00e9sente une texture classique avec le toucher doux du coton, avec des bords ourl\u00e9s sur les serviettes et les nappes.<br \/>Sensation douce du coton. Tissu lourd. Bords ourl\u00e9s. Tissu facile d&rsquo;entretien. Lavable en machine.  Sensation douce du coton.<\/p>\n<p>Caract\u00e9ristiques :<br \/> Dimensions : 2290(L) x 2290(P)mm.<br \/> Mati\u00e8re : Polyester.<br \/> Poids du tissu : 230g\/m\u00b2.<br \/> Couleur : Noir.<\/p>\n","protected":false},"excerpt":{"rendered":"<p>Nappe noire Mitre Essentials Occasions 2290 x 2290mm<\/p>\n","protected":false},"featured_media":104009,"comment_status":"closed","ping_status":"closed","template":"","meta":[],"product_brand":[],"product_cat":[1023,1039,1041,1297],"product_tag":[],"class_list":{"0":"post-65124","1":"product","2":"type-product","3":"status-publish","4":"has-post-thumbnail","6":"product_cat-art-de-la-table","7":"product_cat-linge-de-table","8":"product_cat-nappes","9":"product_cat-non-palettisable","10":"product_shipping_class-free-shipping","12":"first","13":"instock","14":"featured","15":"taxable","16":"shipping-taxable","17":"purchasable","18":"product-type-simple"},"_links":{"self":[{"href":"https:\/\/abinox-chr-clim.com\/index.php\/wp-json\/wp\/v2\/product\/65124","targetHints":{"allow":["GET"]}}],"collection":[{"href":"https:\/\/abinox-chr-clim.com\/index.php\/wp-json\/wp\/v2\/product"}],"about":[{"href":"https:\/\/abinox-chr-clim.com\/index.php\/wp-json\/wp\/v2\/types\/product"}],"replies":[{"embeddable":true,"href":"https:\/\/abinox-chr-clim.com\/index.php\/wp-json\/wp\/v2\/comments?post=65124"}],"wp:featuredmedia":[{"embeddable":true,"href":"https:\/\/abinox-chr-clim.com\/index.php\/wp-json\/wp\/v2\/media\/104009"}],"wp:attachment":[{"href":"https:\/\/abinox-chr-clim.com\/index.php\/wp-json\/wp\/v2\/media?parent=65124"}],"wp:term":[{"taxonomy":"product_brand","embeddable":true,"href":"https:\/\/abinox-chr-clim.com\/index.php\/wp-json\/wp\/v2\/product_brand?post=65124"},{"taxonomy":"product_cat","embeddable":true,"href":"https:\/\/abinox-chr-clim.com\/index.php\/wp-json\/wp\/v2\/product_cat?post=65124"},{"taxonomy":"product_tag","embeddable":true,"href":"https:\/\/abinox-chr-clim.com\/index.php\/wp-json\/wp\/v2\/product_tag?post=65124"}],"curies":[{"name":"wp","href":"https:\/\/api.w.org\/{rel}","templated":true}]}}