{"id":65108,"date":"2024-03-22T14:49:03","date_gmt":"2024-03-22T13:49:03","guid":{"rendered":"https:\/\/abinox-chr-clim.com\/index.php\/product\/nappe-blanche-mitre-limetree-1780-x-2750mm\/"},"modified":"2026-04-02T09:37:16","modified_gmt":"2026-04-02T07:37:16","slug":"nappe-blanche-mitre-limetree-1780-x-2750mm","status":"publish","type":"product","link":"https:\/\/abinox-chr-clim.com\/index.php\/product\/nappe-blanche-mitre-limetree-1780-x-2750mm\/","title":{"rendered":"Nappe blanche Mitre Limetree 1780 x 2750mm"},"content":{"rendered":"<p>Ce linge de table 100 % polyester \u00e9pais pr\u00e9sente une texture classique avec le toucher doux du coton, avec des bords ourl\u00e9s sur les serviettes et les nappes.<br \/>Les bords ourl\u00e9s ajoutent une touche unique et sophistiqu\u00e9e. Le polyester r\u00e9sistant permet une utilisation durable dans les salles \u00e0 manger professionnelles. Lavable en machine pour un nettoyage rapide et complet. Le coloris blanc contribue \u00e0 donner un aspect \u00e9l\u00e9gant et de qualit\u00e9 \u00e0 votre int\u00e9rieur. Le tissu \u00e9pais prot\u00e8ge vos tables des taches, de la chaleur et des marques. Le tissu doux au toucher offre une sensation de qualit\u00e9 sup\u00e9rieure.  Les bords ourl\u00e9s ajoutent une touche unique et sophistiqu\u00e9e.<\/p>\n<p>Caract\u00e9ristiques :<br \/> Dimensions : 1780(L) x 2750(P)mm.<br \/> Mati\u00e8re : Polyester.<br \/> Poids du tissu : 238g\/m\u00b2.<br \/> Couleur : Blanc.<\/p>\n","protected":false},"excerpt":{"rendered":"<p>Nappe blanche Mitre Limetree 1780 x 2750mm<\/p>\n","protected":false},"featured_media":103904,"comment_status":"closed","ping_status":"closed","template":"","meta":[],"product_brand":[],"product_cat":[1023,1039,1041,1297],"product_tag":[],"class_list":{"0":"post-65108","1":"product","2":"type-product","3":"status-publish","4":"has-post-thumbnail","6":"product_cat-art-de-la-table","7":"product_cat-linge-de-table","8":"product_cat-nappes","9":"product_cat-non-palettisable","10":"product_shipping_class-free-shipping","12":"first","13":"instock","14":"featured","15":"taxable","16":"shipping-taxable","17":"purchasable","18":"product-type-simple"},"_links":{"self":[{"href":"https:\/\/abinox-chr-clim.com\/index.php\/wp-json\/wp\/v2\/product\/65108","targetHints":{"allow":["GET"]}}],"collection":[{"href":"https:\/\/abinox-chr-clim.com\/index.php\/wp-json\/wp\/v2\/product"}],"about":[{"href":"https:\/\/abinox-chr-clim.com\/index.php\/wp-json\/wp\/v2\/types\/product"}],"replies":[{"embeddable":true,"href":"https:\/\/abinox-chr-clim.com\/index.php\/wp-json\/wp\/v2\/comments?post=65108"}],"wp:featuredmedia":[{"embeddable":true,"href":"https:\/\/abinox-chr-clim.com\/index.php\/wp-json\/wp\/v2\/media\/103904"}],"wp:attachment":[{"href":"https:\/\/abinox-chr-clim.com\/index.php\/wp-json\/wp\/v2\/media?parent=65108"}],"wp:term":[{"taxonomy":"product_brand","embeddable":true,"href":"https:\/\/abinox-chr-clim.com\/index.php\/wp-json\/wp\/v2\/product_brand?post=65108"},{"taxonomy":"product_cat","embeddable":true,"href":"https:\/\/abinox-chr-clim.com\/index.php\/wp-json\/wp\/v2\/product_cat?post=65108"},{"taxonomy":"product_tag","embeddable":true,"href":"https:\/\/abinox-chr-clim.com\/index.php\/wp-json\/wp\/v2\/product_tag?post=65108"}],"curies":[{"name":"wp","href":"https:\/\/api.w.org\/{rel}","templated":true}]}}