{"id":65097,"date":"2024-03-22T14:48:59","date_gmt":"2024-03-22T13:48:59","guid":{"rendered":"https:\/\/abinox-chr-clim.com\/index.php\/product\/nappe-blanche-bande-de-satin-mitre-luxury-1600-x-1600mm\/"},"modified":"2026-04-14T10:01:33","modified_gmt":"2026-04-14T08:01:33","slug":"nappe-blanche-bande-de-satin-mitre-luxury-1600-x-1600mm","status":"publish","type":"product","link":"https:\/\/abinox-chr-clim.com\/index.php\/product\/nappe-blanche-bande-de-satin-mitre-luxury-1600-x-1600mm\/","title":{"rendered":"Nappe blanche bande de satin Mitre Luxury 1600 x 1600mm"},"content":{"rendered":"<p>Luxueux linge de table \u00e9pais en coton \u00e9gyptien haut de gamme, finition bandes de satin pour un nappage vraiment saisissant. Le grand nombre de fils, 135 \/ m\u00b2, et le poids de tissu de 210g \/ m\u00b2, font de cette gamme un essentiel pour les restaurants haut de gamme.<br \/>Les bords ourl\u00e9s ajoutent une touche unique et sophistiqu\u00e9e. Le coton r\u00e9sistant permet une utilisation durable dans les salles de restauration. Lavable en machine pour un nettoyage rapide et complet. Le coloris blanc contribue \u00e0 donner un aspect \u00e9l\u00e9gant et de qualit\u00e9 \u00e0 votre \u00e9tablissement. Le tissu \u00e9pais prot\u00e8ge vos tables des taches, de la chaleur et des marques. Le tissu doux au toucher offre une sensation de qualit\u00e9 sup\u00e9rieure.  Les bords ourl\u00e9s ajoutent une touche unique et sophistiqu\u00e9e.<\/p>\n<p>Caract\u00e9ristiques :<br \/> Dimensions : 1600(L) x 1600(P)mm.<br \/> Mati\u00e8re : 100% coton.<br \/> Poids du tissu : 210g\/m\u00b2.<br \/> Couleur : Blanc.<\/p>\n","protected":false},"excerpt":{"rendered":"<p>Nappe blanche bande de satin Mitre Luxury 1600 x 1600mm<\/p>\n","protected":false},"featured_media":103893,"comment_status":"closed","ping_status":"closed","template":"","meta":[],"product_brand":[],"product_cat":[1023,1039,1041,1297],"product_tag":[],"class_list":{"0":"post-65097","1":"product","2":"type-product","3":"status-publish","4":"has-post-thumbnail","6":"product_cat-art-de-la-table","7":"product_cat-linge-de-table","8":"product_cat-nappes","9":"product_cat-non-palettisable","10":"product_shipping_class-free-shipping","12":"first","13":"instock","14":"featured","15":"taxable","16":"shipping-taxable","17":"purchasable","18":"product-type-simple"},"_links":{"self":[{"href":"https:\/\/abinox-chr-clim.com\/index.php\/wp-json\/wp\/v2\/product\/65097","targetHints":{"allow":["GET"]}}],"collection":[{"href":"https:\/\/abinox-chr-clim.com\/index.php\/wp-json\/wp\/v2\/product"}],"about":[{"href":"https:\/\/abinox-chr-clim.com\/index.php\/wp-json\/wp\/v2\/types\/product"}],"replies":[{"embeddable":true,"href":"https:\/\/abinox-chr-clim.com\/index.php\/wp-json\/wp\/v2\/comments?post=65097"}],"wp:featuredmedia":[{"embeddable":true,"href":"https:\/\/abinox-chr-clim.com\/index.php\/wp-json\/wp\/v2\/media\/103893"}],"wp:attachment":[{"href":"https:\/\/abinox-chr-clim.com\/index.php\/wp-json\/wp\/v2\/media?parent=65097"}],"wp:term":[{"taxonomy":"product_brand","embeddable":true,"href":"https:\/\/abinox-chr-clim.com\/index.php\/wp-json\/wp\/v2\/product_brand?post=65097"},{"taxonomy":"product_cat","embeddable":true,"href":"https:\/\/abinox-chr-clim.com\/index.php\/wp-json\/wp\/v2\/product_cat?post=65097"},{"taxonomy":"product_tag","embeddable":true,"href":"https:\/\/abinox-chr-clim.com\/index.php\/wp-json\/wp\/v2\/product_tag?post=65097"}],"curies":[{"name":"wp","href":"https:\/\/api.w.org\/{rel}","templated":true}]}}