{"id":65090,"date":"2024-03-22T14:48:58","date_gmt":"2024-03-22T13:48:58","guid":{"rendered":"https:\/\/abinox-chr-clim.com\/index.php\/product\/rouleau-de-nappe-en-papier-fasana\/"},"modified":"2026-04-14T08:36:42","modified_gmt":"2026-04-14T06:36:42","slug":"rouleau-de-nappe-en-papier-fasana","status":"publish","type":"product","link":"https:\/\/abinox-chr-clim.com\/index.php\/product\/rouleau-de-nappe-en-papier-fasana\/","title":{"rendered":"Rouleau de nappe en papier Fasana"},"content":{"rendered":"<p>Rouleau de nappe banquet damas blanc jetable.<br \/>Jetable pour r\u00e9duire les frais de blanchisserie. Sous-couche de protection. Se coupe \u00e0 la dimension souhait\u00e9e. Fabriqu\u00e9 \u00e0 partir de papier certifi\u00e9 FSC qui est une alternative plus verte aux autres mat\u00e9riaux de papier. La conception jetable aide \u00e0 r\u00e9duire le risque de transfert de bact\u00e9ries entre les invit\u00e9s. \u00c9colabel nordique. Ecolabel EU. ISO 9001\/ISO 14001.Jetable pour r\u00e9duire les frais de blanchisserie.<\/p>\n<p>Caract\u00e9ristiques :<br \/> Dimensions : 1,2m x 50m.<br \/> Mati\u00e8re : Papier.<br \/> Poids du tissu : 40g\/m\u00b2.<br \/> Couleur : Blanc.<\/p>\n","protected":false},"excerpt":{"rendered":"<p>Rouleau de nappe en papier Fasana<\/p>\n","protected":false},"featured_media":81136,"comment_status":"closed","ping_status":"closed","template":"","meta":[],"product_brand":[],"product_cat":[1023,1039,1041,1297],"product_tag":[],"class_list":{"0":"post-65090","1":"product","2":"type-product","3":"status-publish","4":"has-post-thumbnail","6":"product_cat-art-de-la-table","7":"product_cat-linge-de-table","8":"product_cat-nappes","9":"product_cat-non-palettisable","10":"product_shipping_class-free-shipping","12":"first","13":"instock","14":"featured","15":"taxable","16":"shipping-taxable","17":"purchasable","18":"product-type-simple"},"_links":{"self":[{"href":"https:\/\/abinox-chr-clim.com\/index.php\/wp-json\/wp\/v2\/product\/65090","targetHints":{"allow":["GET"]}}],"collection":[{"href":"https:\/\/abinox-chr-clim.com\/index.php\/wp-json\/wp\/v2\/product"}],"about":[{"href":"https:\/\/abinox-chr-clim.com\/index.php\/wp-json\/wp\/v2\/types\/product"}],"replies":[{"embeddable":true,"href":"https:\/\/abinox-chr-clim.com\/index.php\/wp-json\/wp\/v2\/comments?post=65090"}],"wp:featuredmedia":[{"embeddable":true,"href":"https:\/\/abinox-chr-clim.com\/index.php\/wp-json\/wp\/v2\/media\/81136"}],"wp:attachment":[{"href":"https:\/\/abinox-chr-clim.com\/index.php\/wp-json\/wp\/v2\/media?parent=65090"}],"wp:term":[{"taxonomy":"product_brand","embeddable":true,"href":"https:\/\/abinox-chr-clim.com\/index.php\/wp-json\/wp\/v2\/product_brand?post=65090"},{"taxonomy":"product_cat","embeddable":true,"href":"https:\/\/abinox-chr-clim.com\/index.php\/wp-json\/wp\/v2\/product_cat?post=65090"},{"taxonomy":"product_tag","embeddable":true,"href":"https:\/\/abinox-chr-clim.com\/index.php\/wp-json\/wp\/v2\/product_tag?post=65090"}],"curies":[{"name":"wp","href":"https:\/\/api.w.org\/{rel}","templated":true}]}}