{"id":65089,"date":"2024-03-22T14:48:57","date_gmt":"2024-03-22T13:48:57","guid":{"rendered":"https:\/\/abinox-chr-clim.com\/index.php\/product\/juponnage-plisse-ecru\/"},"modified":"2026-04-24T09:25:12","modified_gmt":"2026-04-24T07:25:12","slug":"juponnage-plisse-ecru","status":"publish","type":"product","link":"https:\/\/abinox-chr-clim.com\/index.php\/product\/juponnage-plisse-ecru\/","title":{"rendered":"Juponnage pliss\u00e9 \u00e9cru"},"content":{"rendered":"<p>Pour habiller vos tables de buffets et de r\u00e9ceptions.Tous nos juponnages sont 100% polyester, lavables en machine et r\u00e9sistants au s\u00e8che-linge.Bande velcro de fixation cousue dans le haut du juponnage pour fixation sur les clips (vendus s\u00e9par\u00e9ment). Poids: 1,07 kg. Pour habiller vos tables de buffets et de r\u00e9ceptions.<\/p>\n<p>Caract\u00e9ristiques :<br \/> Dimensions : 730(H) x 4100(L)mm.<\/p>\n","protected":false},"excerpt":{"rendered":"<p>Juponnage pliss\u00e9 \u00e9cru<\/p>\n","protected":false},"featured_media":0,"comment_status":"closed","ping_status":"closed","template":"","meta":[],"product_brand":[],"product_cat":[1023,1040,1039,1297],"product_tag":[],"class_list":{"0":"post-65089","1":"product","2":"type-product","3":"status-publish","5":"product_cat-art-de-la-table","6":"product_cat-juponnage","7":"product_cat-linge-de-table","8":"product_cat-non-palettisable","9":"product_shipping_class-free-shipping","11":"first","12":"outofstock","13":"featured","14":"taxable","15":"shipping-taxable","16":"purchasable","17":"product-type-simple"},"_links":{"self":[{"href":"https:\/\/abinox-chr-clim.com\/index.php\/wp-json\/wp\/v2\/product\/65089","targetHints":{"allow":["GET"]}}],"collection":[{"href":"https:\/\/abinox-chr-clim.com\/index.php\/wp-json\/wp\/v2\/product"}],"about":[{"href":"https:\/\/abinox-chr-clim.com\/index.php\/wp-json\/wp\/v2\/types\/product"}],"replies":[{"embeddable":true,"href":"https:\/\/abinox-chr-clim.com\/index.php\/wp-json\/wp\/v2\/comments?post=65089"}],"wp:attachment":[{"href":"https:\/\/abinox-chr-clim.com\/index.php\/wp-json\/wp\/v2\/media?parent=65089"}],"wp:term":[{"taxonomy":"product_brand","embeddable":true,"href":"https:\/\/abinox-chr-clim.com\/index.php\/wp-json\/wp\/v2\/product_brand?post=65089"},{"taxonomy":"product_cat","embeddable":true,"href":"https:\/\/abinox-chr-clim.com\/index.php\/wp-json\/wp\/v2\/product_cat?post=65089"},{"taxonomy":"product_tag","embeddable":true,"href":"https:\/\/abinox-chr-clim.com\/index.php\/wp-json\/wp\/v2\/product_tag?post=65089"}],"curies":[{"name":"wp","href":"https:\/\/api.w.org\/{rel}","templated":true}]}}