{"id":65084,"date":"2024-03-22T14:48:56","date_gmt":"2024-03-22T13:48:56","guid":{"rendered":"https:\/\/abinox-chr-clim.com\/index.php\/product\/housse-de-table-fiesta-bleu-fonce\/"},"modified":"2026-04-24T09:10:31","modified_gmt":"2026-04-24T07:10:31","slug":"housse-de-table-fiesta-bleu-fonce","status":"publish","type":"product","link":"https:\/\/abinox-chr-clim.com\/index.php\/product\/housse-de-table-fiesta-bleu-fonce\/","title":{"rendered":"Housse de table Fi\u00ebsta bleu fonc\u00e9"},"content":{"rendered":"<p>Bleu fonc\u00e9.<\/p>\n","protected":false},"excerpt":{"rendered":"<p>Housse de table Fi\u00ebsta bleu fonc\u00e9<\/p>\n","protected":false},"featured_media":103997,"comment_status":"closed","ping_status":"closed","template":"","meta":[],"product_brand":[],"product_cat":[1023,1040,1039,1297],"product_tag":[],"class_list":{"0":"post-65084","1":"product","2":"type-product","3":"status-publish","4":"has-post-thumbnail","6":"product_cat-art-de-la-table","7":"product_cat-juponnage","8":"product_cat-linge-de-table","9":"product_cat-non-palettisable","10":"product_shipping_class-free-shipping","12":"first","13":"outofstock","14":"featured","15":"taxable","16":"shipping-taxable","17":"purchasable","18":"product-type-simple"},"_links":{"self":[{"href":"https:\/\/abinox-chr-clim.com\/index.php\/wp-json\/wp\/v2\/product\/65084","targetHints":{"allow":["GET"]}}],"collection":[{"href":"https:\/\/abinox-chr-clim.com\/index.php\/wp-json\/wp\/v2\/product"}],"about":[{"href":"https:\/\/abinox-chr-clim.com\/index.php\/wp-json\/wp\/v2\/types\/product"}],"replies":[{"embeddable":true,"href":"https:\/\/abinox-chr-clim.com\/index.php\/wp-json\/wp\/v2\/comments?post=65084"}],"wp:featuredmedia":[{"embeddable":true,"href":"https:\/\/abinox-chr-clim.com\/index.php\/wp-json\/wp\/v2\/media\/103997"}],"wp:attachment":[{"href":"https:\/\/abinox-chr-clim.com\/index.php\/wp-json\/wp\/v2\/media?parent=65084"}],"wp:term":[{"taxonomy":"product_brand","embeddable":true,"href":"https:\/\/abinox-chr-clim.com\/index.php\/wp-json\/wp\/v2\/product_brand?post=65084"},{"taxonomy":"product_cat","embeddable":true,"href":"https:\/\/abinox-chr-clim.com\/index.php\/wp-json\/wp\/v2\/product_cat?post=65084"},{"taxonomy":"product_tag","embeddable":true,"href":"https:\/\/abinox-chr-clim.com\/index.php\/wp-json\/wp\/v2\/product_tag?post=65084"}],"curies":[{"name":"wp","href":"https:\/\/api.w.org\/{rel}","templated":true}]}}