{"id":65078,"date":"2024-03-22T14:48:55","date_gmt":"2024-03-22T13:48:55","guid":{"rendered":"https:\/\/abinox-chr-clim.com\/index.php\/product\/housse-de-table-extensible-samba-bordeaux-d2\/"},"modified":"2026-04-24T09:53:19","modified_gmt":"2026-04-24T07:53:19","slug":"housse-de-table-extensible-samba-bordeaux-d2","status":"publish","type":"product","link":"https:\/\/abinox-chr-clim.com\/index.php\/product\/housse-de-table-extensible-samba-bordeaux-d2\/","title":{"rendered":"Housse de table extensible Samba bordeaux D2"},"content":{"rendered":"<p>En jersey (90% polyester et 10% \u00e9lastane). S&rsquo;adaptent aux tables ayant un plateau jusqu&rsquo;\u00e0 85cm de diam\u00e8tre et une hauteur maximale de 115cm.<br \/>Id\u00e9ale pour les mange-debout. Facile \u00e0 utiliser. Pas de repassage n\u00e9cessaire. Norme Oeko-Tex niveau 2. Lavable en machine.  Id\u00e9ale pour les mange-debout.<\/p>\n<p>Caract\u00e9ristiques :<br \/> Dimensions : 1150.<br \/> Mati\u00e8re : 90% polyester, 10% \u00e9lastane.<br \/> Couleur : Bordeaux.<\/p>\n","protected":false},"excerpt":{"rendered":"<p>Housse de table extensible Samba bordeaux D2<\/p>\n","protected":false},"featured_media":89789,"comment_status":"closed","ping_status":"closed","template":"","meta":[],"product_brand":[],"product_cat":[1023,1040,1039,1297],"product_tag":[],"class_list":{"0":"post-65078","1":"product","2":"type-product","3":"status-publish","4":"has-post-thumbnail","6":"product_cat-art-de-la-table","7":"product_cat-juponnage","8":"product_cat-linge-de-table","9":"product_cat-non-palettisable","10":"product_shipping_class-free-shipping","12":"first","13":"instock","14":"featured","15":"taxable","16":"shipping-taxable","17":"purchasable","18":"product-type-simple"},"_links":{"self":[{"href":"https:\/\/abinox-chr-clim.com\/index.php\/wp-json\/wp\/v2\/product\/65078","targetHints":{"allow":["GET"]}}],"collection":[{"href":"https:\/\/abinox-chr-clim.com\/index.php\/wp-json\/wp\/v2\/product"}],"about":[{"href":"https:\/\/abinox-chr-clim.com\/index.php\/wp-json\/wp\/v2\/types\/product"}],"replies":[{"embeddable":true,"href":"https:\/\/abinox-chr-clim.com\/index.php\/wp-json\/wp\/v2\/comments?post=65078"}],"wp:featuredmedia":[{"embeddable":true,"href":"https:\/\/abinox-chr-clim.com\/index.php\/wp-json\/wp\/v2\/media\/89789"}],"wp:attachment":[{"href":"https:\/\/abinox-chr-clim.com\/index.php\/wp-json\/wp\/v2\/media?parent=65078"}],"wp:term":[{"taxonomy":"product_brand","embeddable":true,"href":"https:\/\/abinox-chr-clim.com\/index.php\/wp-json\/wp\/v2\/product_brand?post=65078"},{"taxonomy":"product_cat","embeddable":true,"href":"https:\/\/abinox-chr-clim.com\/index.php\/wp-json\/wp\/v2\/product_cat?post=65078"},{"taxonomy":"product_tag","embeddable":true,"href":"https:\/\/abinox-chr-clim.com\/index.php\/wp-json\/wp\/v2\/product_tag?post=65078"}],"curies":[{"name":"wp","href":"https:\/\/api.w.org\/{rel}","templated":true}]}}