{"id":65073,"date":"2024-03-22T14:48:53","date_gmt":"2024-03-22T13:48:53","guid":{"rendered":"https:\/\/abinox-chr-clim.com\/index.php\/product\/nappe-et-juponnage-noirs-modele-fronce\/"},"modified":"2026-04-15T08:43:21","modified_gmt":"2026-04-15T06:43:21","slug":"nappe-et-juponnage-noirs-modele-fronce","status":"publish","type":"product","link":"https:\/\/abinox-chr-clim.com\/index.php\/product\/nappe-et-juponnage-noirs-modele-fronce\/","title":{"rendered":"Nappe et juponnage noirs &#8211; mod\u00e8le fronc\u00e9"},"content":{"rendered":"<p>Pour tables Bolero 1.8m.Nappe et juponnage combin\u00e9s. Lavable en machine. 100% polyester.  Pour tables Bolero 1.8m. .<br \/> Caract\u00e9ristiques :<br \/> Dimensions : 730(H) x 750(L) x 1820(P)mm.<br \/> Mati\u00e8re : Polyester<\/p>\n","protected":false},"excerpt":{"rendered":"<p>Nappe et juponnage noirs &#8211; mod\u00e8le fronc\u00e9<\/p>\n","protected":false},"featured_media":81593,"comment_status":"closed","ping_status":"closed","template":"","meta":[],"product_brand":[],"product_cat":[1023,1040,1039,1297],"product_tag":[],"class_list":{"0":"post-65073","1":"product","2":"type-product","3":"status-publish","4":"has-post-thumbnail","6":"product_cat-art-de-la-table","7":"product_cat-juponnage","8":"product_cat-linge-de-table","9":"product_cat-non-palettisable","10":"product_shipping_class-free-shipping","12":"first","13":"instock","14":"featured","15":"taxable","16":"shipping-taxable","17":"purchasable","18":"product-type-simple"},"_links":{"self":[{"href":"https:\/\/abinox-chr-clim.com\/index.php\/wp-json\/wp\/v2\/product\/65073","targetHints":{"allow":["GET"]}}],"collection":[{"href":"https:\/\/abinox-chr-clim.com\/index.php\/wp-json\/wp\/v2\/product"}],"about":[{"href":"https:\/\/abinox-chr-clim.com\/index.php\/wp-json\/wp\/v2\/types\/product"}],"replies":[{"embeddable":true,"href":"https:\/\/abinox-chr-clim.com\/index.php\/wp-json\/wp\/v2\/comments?post=65073"}],"wp:featuredmedia":[{"embeddable":true,"href":"https:\/\/abinox-chr-clim.com\/index.php\/wp-json\/wp\/v2\/media\/81593"}],"wp:attachment":[{"href":"https:\/\/abinox-chr-clim.com\/index.php\/wp-json\/wp\/v2\/media?parent=65073"}],"wp:term":[{"taxonomy":"product_brand","embeddable":true,"href":"https:\/\/abinox-chr-clim.com\/index.php\/wp-json\/wp\/v2\/product_brand?post=65073"},{"taxonomy":"product_cat","embeddable":true,"href":"https:\/\/abinox-chr-clim.com\/index.php\/wp-json\/wp\/v2\/product_cat?post=65073"},{"taxonomy":"product_tag","embeddable":true,"href":"https:\/\/abinox-chr-clim.com\/index.php\/wp-json\/wp\/v2\/product_tag?post=65073"}],"curies":[{"name":"wp","href":"https:\/\/api.w.org\/{rel}","templated":true}]}}