{"id":65061,"date":"2024-03-22T14:38:59","date_gmt":"2024-03-22T13:38:59","guid":{"rendered":"https:\/\/abinox-chr-clim.com\/index.php\/product\/ensemble-de-couverts-48-pieces-olympia-buckingham-serve-like-a-pro\/"},"modified":"2026-04-02T10:10:48","modified_gmt":"2026-04-02T08:10:48","slug":"ensemble-de-couverts-48-pieces-olympia-buckingham-serve-like-a-pro","status":"publish","type":"product","link":"https:\/\/abinox-chr-clim.com\/index.php\/product\/ensemble-de-couverts-48-pieces-olympia-buckingham-serve-like-a-pro\/","title":{"rendered":"Ensemble de couverts 48 pi\u00e8ces Olympia Buckingham Serve Like A Pro"},"content":{"rendered":"<p>Mod\u00e8le en acier inoxydable 18\/0 hautement poli avec des bords lisses arrondis. Vendus par douze.<br \/>Contient : 12 couteaux de table Olympia Buckingham en acier inoxydable 18\/0 (U875), 12 fourchettes de table (U877), 12 cuill\u00e8res \u00e0 dessert (U880) et 12 cuill\u00e8res \u00e0 caf\u00e9 (U882).Le mat\u00e9riau en acier inoxydable 18\/0 rend ces couverts abordables mais robustes. Les finitions polies et les poign\u00e9es arrondies se combinent pour donner \u00e0 chaque pi\u00e8ce un look simple mais \u00e9l\u00e9gant.La construction lavable au lave-vaisselle assure un nettoyage facile. Peut \u00eatre utilis\u00e9 avec des syst\u00e8mes magn\u00e9tiques pour \u00e9viter toute perte accidentelle de couverts. Cet ensemble de 48 pi\u00e8ces contient tout ce dont vous avez besoin pour compl\u00e9ter votre collection de couverts.  Contient : 12 couteaux de table Olympia Buckingham en acier inoxydable 18\/0 (U875), 12 fourchettes de table (U877), 12 cuill\u00e8res \u00e0 dessert (U880) et 12 cuill\u00e8res \u00e0 caf\u00e9 (U882). .<br \/> Caract\u00e9ristiques :<br \/> Mati\u00e8re : Inox 18\/0.<br \/> Couleur : Argent.<\/p>\n","protected":false},"excerpt":{"rendered":"<p>Ensemble de couverts 48 pi\u00e8ces Olympia Buckingham Serve Like A Pro<\/p>\n","protected":false},"featured_media":99673,"comment_status":"closed","ping_status":"closed","template":"","meta":[],"product_brand":[],"product_cat":[1023,1031,1297,1038],"product_tag":[],"class_list":{"0":"post-65061","1":"product","2":"type-product","3":"status-publish","4":"has-post-thumbnail","6":"product_cat-art-de-la-table","7":"product_cat-couverts","8":"product_cat-non-palettisable","9":"product_cat-olympia","10":"product_shipping_class-free-shipping","12":"first","13":"outofstock","14":"featured","15":"taxable","16":"shipping-taxable","17":"purchasable","18":"product-type-simple"},"_links":{"self":[{"href":"https:\/\/abinox-chr-clim.com\/index.php\/wp-json\/wp\/v2\/product\/65061","targetHints":{"allow":["GET"]}}],"collection":[{"href":"https:\/\/abinox-chr-clim.com\/index.php\/wp-json\/wp\/v2\/product"}],"about":[{"href":"https:\/\/abinox-chr-clim.com\/index.php\/wp-json\/wp\/v2\/types\/product"}],"replies":[{"embeddable":true,"href":"https:\/\/abinox-chr-clim.com\/index.php\/wp-json\/wp\/v2\/comments?post=65061"}],"wp:featuredmedia":[{"embeddable":true,"href":"https:\/\/abinox-chr-clim.com\/index.php\/wp-json\/wp\/v2\/media\/99673"}],"wp:attachment":[{"href":"https:\/\/abinox-chr-clim.com\/index.php\/wp-json\/wp\/v2\/media?parent=65061"}],"wp:term":[{"taxonomy":"product_brand","embeddable":true,"href":"https:\/\/abinox-chr-clim.com\/index.php\/wp-json\/wp\/v2\/product_brand?post=65061"},{"taxonomy":"product_cat","embeddable":true,"href":"https:\/\/abinox-chr-clim.com\/index.php\/wp-json\/wp\/v2\/product_cat?post=65061"},{"taxonomy":"product_tag","embeddable":true,"href":"https:\/\/abinox-chr-clim.com\/index.php\/wp-json\/wp\/v2\/product_tag?post=65061"}],"curies":[{"name":"wp","href":"https:\/\/api.w.org\/{rel}","templated":true}]}}