{"id":65056,"date":"2024-03-22T14:38:58","date_gmt":"2024-03-22T13:38:58","guid":{"rendered":"https:\/\/abinox-chr-clim.com\/index.php\/product\/ensemble-de-couverts-olympia-dubarry-lot-de-3\/"},"modified":"2025-07-24T18:31:00","modified_gmt":"2025-07-24T16:31:00","slug":"ensemble-de-couverts-olympia-dubarry-lot-de-3","status":"publish","type":"product","link":"https:\/\/abinox-chr-clim.com\/index.php\/product\/ensemble-de-couverts-olympia-dubarry-lot-de-3\/","title":{"rendered":"Ensemble de couverts Olympia Dubarry (Lot de 3)"},"content":{"rendered":"<p>En acier inoxydable 18\/0 poli avec une bordure arrondie \u00e9l\u00e9gante. Vendus par douze.<br \/>Bout du manche \u00e9l\u00e9gant, de forme courb\u00e9e.Manche arrondi orn\u00e9. Bout du manche \u00e9l\u00e9gant, de forme courb\u00e9e. .<br \/> Caract\u00e9ristiques :<br \/>Lot : 3.<br \/> Dimensions : 238 \/ 202 \/ 180mm.<br \/> Mati\u00e8re : Inox 18\/0.<\/p>\n","protected":false},"excerpt":{"rendered":"<p>Ensemble de couverts Olympia Dubarry (Lot de 3)<\/p>\n","protected":false},"featured_media":100157,"comment_status":"closed","ping_status":"closed","template":"","meta":[],"product_brand":[],"product_cat":[1023,1031,1297,1038],"product_tag":[],"class_list":{"0":"post-65056","1":"product","2":"type-product","3":"status-publish","4":"has-post-thumbnail","6":"product_cat-art-de-la-table","7":"product_cat-couverts","8":"product_cat-non-palettisable","9":"product_cat-olympia","10":"product_shipping_class-free-shipping","12":"first","13":"outofstock","14":"featured","15":"taxable","16":"shipping-taxable","17":"purchasable","18":"product-type-simple"},"_links":{"self":[{"href":"https:\/\/abinox-chr-clim.com\/index.php\/wp-json\/wp\/v2\/product\/65056","targetHints":{"allow":["GET"]}}],"collection":[{"href":"https:\/\/abinox-chr-clim.com\/index.php\/wp-json\/wp\/v2\/product"}],"about":[{"href":"https:\/\/abinox-chr-clim.com\/index.php\/wp-json\/wp\/v2\/types\/product"}],"replies":[{"embeddable":true,"href":"https:\/\/abinox-chr-clim.com\/index.php\/wp-json\/wp\/v2\/comments?post=65056"}],"wp:featuredmedia":[{"embeddable":true,"href":"https:\/\/abinox-chr-clim.com\/index.php\/wp-json\/wp\/v2\/media\/100157"}],"wp:attachment":[{"href":"https:\/\/abinox-chr-clim.com\/index.php\/wp-json\/wp\/v2\/media?parent=65056"}],"wp:term":[{"taxonomy":"product_brand","embeddable":true,"href":"https:\/\/abinox-chr-clim.com\/index.php\/wp-json\/wp\/v2\/product_brand?post=65056"},{"taxonomy":"product_cat","embeddable":true,"href":"https:\/\/abinox-chr-clim.com\/index.php\/wp-json\/wp\/v2\/product_cat?post=65056"},{"taxonomy":"product_tag","embeddable":true,"href":"https:\/\/abinox-chr-clim.com\/index.php\/wp-json\/wp\/v2\/product_tag?post=65056"}],"curies":[{"name":"wp","href":"https:\/\/api.w.org\/{rel}","templated":true}]}}