{"id":65048,"date":"2024-03-22T14:38:56","date_gmt":"2024-03-22T13:38:56","guid":{"rendered":"https:\/\/abinox-chr-clim.com\/index.php\/product\/cuilleres-a-cafe-inox-olympia-buckingham-110mm\/"},"modified":"2026-04-02T09:36:28","modified_gmt":"2026-04-02T07:36:28","slug":"cuilleres-a-cafe-inox-olympia-buckingham-110mm","status":"publish","type":"product","link":"https:\/\/abinox-chr-clim.com\/index.php\/product\/cuilleres-a-cafe-inox-olympia-buckingham-110mm\/","title":{"rendered":"Cuill\u00e8res \u00e0 caf\u00e9 inox Olympia Buckingham 110mm"},"content":{"rendered":"<p>Acier inoxydable 18\/0 aspect poli et arrondi \u00e0 la base du manche. Vendus par douze.<br \/>Finition hautement polie. Manche en forme de larme. Bords lisses arrondis. A associer aux autres couverts de la gamme Olympia Buckingham.  Finition hautement polie.<\/p>\n<p>Caract\u00e9ristiques :<br \/>Lot : 12.<br \/> Dimensions : 110(L) mm.<br \/> Mati\u00e8re : Acier inoxydable 18\/10.<br \/> Couleur : Argent.<\/p>\n","protected":false},"excerpt":{"rendered":"<p>Cuill\u00e8res \u00e0 caf\u00e9 inox Olympia Buckingham 110mm<\/p>\n","protected":false},"featured_media":103025,"comment_status":"closed","ping_status":"closed","template":"","meta":[],"product_brand":[],"product_cat":[1023,1031,1297,1038],"product_tag":[],"class_list":{"0":"post-65048","1":"product","2":"type-product","3":"status-publish","4":"has-post-thumbnail","6":"product_cat-art-de-la-table","7":"product_cat-couverts","8":"product_cat-non-palettisable","9":"product_cat-olympia","10":"product_shipping_class-free-shipping","12":"first","13":"instock","14":"featured","15":"taxable","16":"shipping-taxable","17":"purchasable","18":"product-type-simple"},"_links":{"self":[{"href":"https:\/\/abinox-chr-clim.com\/index.php\/wp-json\/wp\/v2\/product\/65048","targetHints":{"allow":["GET"]}}],"collection":[{"href":"https:\/\/abinox-chr-clim.com\/index.php\/wp-json\/wp\/v2\/product"}],"about":[{"href":"https:\/\/abinox-chr-clim.com\/index.php\/wp-json\/wp\/v2\/types\/product"}],"replies":[{"embeddable":true,"href":"https:\/\/abinox-chr-clim.com\/index.php\/wp-json\/wp\/v2\/comments?post=65048"}],"wp:featuredmedia":[{"embeddable":true,"href":"https:\/\/abinox-chr-clim.com\/index.php\/wp-json\/wp\/v2\/media\/103025"}],"wp:attachment":[{"href":"https:\/\/abinox-chr-clim.com\/index.php\/wp-json\/wp\/v2\/media?parent=65048"}],"wp:term":[{"taxonomy":"product_brand","embeddable":true,"href":"https:\/\/abinox-chr-clim.com\/index.php\/wp-json\/wp\/v2\/product_brand?post=65048"},{"taxonomy":"product_cat","embeddable":true,"href":"https:\/\/abinox-chr-clim.com\/index.php\/wp-json\/wp\/v2\/product_cat?post=65048"},{"taxonomy":"product_tag","embeddable":true,"href":"https:\/\/abinox-chr-clim.com\/index.php\/wp-json\/wp\/v2\/product_tag?post=65048"}],"curies":[{"name":"wp","href":"https:\/\/api.w.org\/{rel}","templated":true}]}}