{"id":65044,"date":"2024-03-22T14:38:55","date_gmt":"2024-03-22T13:38:55","guid":{"rendered":"https:\/\/abinox-chr-clim.com\/index.php\/product\/fourchettes-a-dessert-cuivre-olympia-cyprium\/"},"modified":"2026-04-29T10:30:01","modified_gmt":"2026-04-29T08:30:01","slug":"fourchettes-a-dessert-cuivre-olympia-cyprium","status":"publish","type":"product","link":"https:\/\/abinox-chr-clim.com\/index.php\/product\/fourchettes-a-dessert-cuivre-olympia-cyprium\/","title":{"rendered":"Fourchettes \u00e0 dessert cuivre Olympia Cyprium"},"content":{"rendered":"<p>Invitez la particularit\u00e9 \u00e0 votre table en vous d\u00e9marquant avec ces couverts en inox couleur cuivre Olympia. La finition mate donne un aspect contemporain, tandis que la couleur ajoute une touche vintage. Compatibles lave-vaisselle. Vendus par douze.<br \/>Rev\u00eatement m\u00e9tal cuivre. Finition mate. En acier inoxydable 18\/0. Bord arrondi contemporain. Style vintage particulier. Afin de ne pas alt\u00e9rer le rev\u00eatement, ne pas utiliser de nettoyant corrosif comme le paic citron.  Rev\u00eatement m\u00e9tal cuivre.<\/p>\n<p>Caract\u00e9ristiques :<br \/>Lot : 12.<br \/> Dimensions : 183(L) mm.<br \/> Mati\u00e8re : Acier inoxydable 18\/0.<br \/> Couleur : Cuivre.<\/p>\n","protected":false},"excerpt":{"rendered":"<p>Fourchettes \u00e0 dessert cuivre Olympia Cyprium<\/p>\n","protected":false},"featured_media":104029,"comment_status":"closed","ping_status":"closed","template":"","meta":[],"product_brand":[],"product_cat":[1023,1031,1297,1038],"product_tag":[],"class_list":{"0":"post-65044","1":"product","2":"type-product","3":"status-publish","4":"has-post-thumbnail","6":"product_cat-art-de-la-table","7":"product_cat-couverts","8":"product_cat-non-palettisable","9":"product_cat-olympia","10":"product_shipping_class-free-shipping","12":"first","13":"outofstock","14":"featured","15":"taxable","16":"shipping-taxable","17":"purchasable","18":"product-type-simple"},"_links":{"self":[{"href":"https:\/\/abinox-chr-clim.com\/index.php\/wp-json\/wp\/v2\/product\/65044","targetHints":{"allow":["GET"]}}],"collection":[{"href":"https:\/\/abinox-chr-clim.com\/index.php\/wp-json\/wp\/v2\/product"}],"about":[{"href":"https:\/\/abinox-chr-clim.com\/index.php\/wp-json\/wp\/v2\/types\/product"}],"replies":[{"embeddable":true,"href":"https:\/\/abinox-chr-clim.com\/index.php\/wp-json\/wp\/v2\/comments?post=65044"}],"wp:featuredmedia":[{"embeddable":true,"href":"https:\/\/abinox-chr-clim.com\/index.php\/wp-json\/wp\/v2\/media\/104029"}],"wp:attachment":[{"href":"https:\/\/abinox-chr-clim.com\/index.php\/wp-json\/wp\/v2\/media?parent=65044"}],"wp:term":[{"taxonomy":"product_brand","embeddable":true,"href":"https:\/\/abinox-chr-clim.com\/index.php\/wp-json\/wp\/v2\/product_brand?post=65044"},{"taxonomy":"product_cat","embeddable":true,"href":"https:\/\/abinox-chr-clim.com\/index.php\/wp-json\/wp\/v2\/product_cat?post=65044"},{"taxonomy":"product_tag","embeddable":true,"href":"https:\/\/abinox-chr-clim.com\/index.php\/wp-json\/wp\/v2\/product_tag?post=65044"}],"curies":[{"name":"wp","href":"https:\/\/api.w.org\/{rel}","templated":true}]}}