{"id":65039,"date":"2024-03-22T13:34:17","date_gmt":"2024-03-22T12:34:17","guid":{"rendered":"https:\/\/abinox-chr-clim.com\/index.php\/product\/cuilleres-a-glace-buckingham-olympia-lot-de-12\/"},"modified":"2026-04-24T09:36:59","modified_gmt":"2026-04-24T07:36:59","slug":"cuilleres-a-glace-buckingham-olympia-lot-de-12","status":"publish","type":"product","link":"https:\/\/abinox-chr-clim.com\/index.php\/product\/cuilleres-a-glace-buckingham-olympia-lot-de-12\/","title":{"rendered":"Cuill\u00e8res \u00e0 glace Buckingham Olympia (Lot de 12)"},"content":{"rendered":"<p>Mod\u00e8le en acier inoxydable 18\/0 hautement poli avec bords lisses arrondis. Vendus par douze.<br \/>Manche de 19 cm pour une longue port\u00e9e. Courb\u00e9 pour une prise en main facile. L&rsquo;acier inoxydable peut \u00eatre associ\u00e9 \u00e0 des syst\u00e8mes de couverts magn\u00e9tiques. Lavable au lave-vaisselle pour un nettoyage facile. Manche de 19 cm pour une longue port\u00e9e.<\/p>\n<p>Caract\u00e9ristiques :<br \/>Lot : 12.<br \/> Dimensions : 195(L)mm.<br \/> Mati\u00e8re : Acier inoxydable 18\/0<\/p>\n","protected":false},"excerpt":{"rendered":"<p>Cuill\u00e8res \u00e0 glace Buckingham Olympia (Lot de 12)<\/p>\n","protected":false},"featured_media":101477,"comment_status":"closed","ping_status":"closed","template":"","meta":[],"product_brand":[],"product_cat":[1023,1031,1297,1038],"product_tag":[],"class_list":{"0":"post-65039","1":"product","2":"type-product","3":"status-publish","4":"has-post-thumbnail","6":"product_cat-art-de-la-table","7":"product_cat-couverts","8":"product_cat-non-palettisable","9":"product_cat-olympia","10":"product_shipping_class-free-shipping","12":"first","13":"instock","14":"featured","15":"taxable","16":"shipping-taxable","17":"purchasable","18":"product-type-simple"},"_links":{"self":[{"href":"https:\/\/abinox-chr-clim.com\/index.php\/wp-json\/wp\/v2\/product\/65039","targetHints":{"allow":["GET"]}}],"collection":[{"href":"https:\/\/abinox-chr-clim.com\/index.php\/wp-json\/wp\/v2\/product"}],"about":[{"href":"https:\/\/abinox-chr-clim.com\/index.php\/wp-json\/wp\/v2\/types\/product"}],"replies":[{"embeddable":true,"href":"https:\/\/abinox-chr-clim.com\/index.php\/wp-json\/wp\/v2\/comments?post=65039"}],"wp:featuredmedia":[{"embeddable":true,"href":"https:\/\/abinox-chr-clim.com\/index.php\/wp-json\/wp\/v2\/media\/101477"}],"wp:attachment":[{"href":"https:\/\/abinox-chr-clim.com\/index.php\/wp-json\/wp\/v2\/media?parent=65039"}],"wp:term":[{"taxonomy":"product_brand","embeddable":true,"href":"https:\/\/abinox-chr-clim.com\/index.php\/wp-json\/wp\/v2\/product_brand?post=65039"},{"taxonomy":"product_cat","embeddable":true,"href":"https:\/\/abinox-chr-clim.com\/index.php\/wp-json\/wp\/v2\/product_cat?post=65039"},{"taxonomy":"product_tag","embeddable":true,"href":"https:\/\/abinox-chr-clim.com\/index.php\/wp-json\/wp\/v2\/product_tag?post=65039"}],"curies":[{"name":"wp","href":"https:\/\/api.w.org\/{rel}","templated":true}]}}