{"id":65037,"date":"2024-03-22T13:34:17","date_gmt":"2024-03-22T12:34:17","guid":{"rendered":"https:\/\/abinox-chr-clim.com\/index.php\/product\/cuilleres-a-dessert-olympia-saphir-lot-de-12\/"},"modified":"2026-04-15T08:57:10","modified_gmt":"2026-04-15T06:57:10","slug":"cuilleres-a-dessert-olympia-saphir-lot-de-12","status":"publish","type":"product","link":"https:\/\/abinox-chr-clim.com\/index.php\/product\/cuilleres-a-dessert-olympia-saphir-lot-de-12\/","title":{"rendered":"Cuill\u00e8res \u00e0 dessert Olympia Saphir (lot de 12)"},"content":{"rendered":"<p>Couverts en acier inoxydable 18\/10 de haute qualit\u00e9 au design unique avec des extr\u00e9mit\u00e9s effil\u00e9es et une finition brillante. R\u00e9sistants et compatibles lave-vaisselle. Vendus par douze.<br \/>Manche doux, conique. Compatible lave-vaisselle. Durable. Finition hautement polie. Acier inoxydable 18\/10.Manche doux, conique.<\/p>\n<p>Caract\u00e9ristiques :<br \/>Lot : 12.<br \/> Dimensions : 184(L) mm.<br \/> Mati\u00e8re : Inox 18\/10<\/p>\n","protected":false},"excerpt":{"rendered":"<p>Cuill\u00e8res \u00e0 dessert Olympia Saphir (lot de 12)<\/p>\n","protected":false},"featured_media":102836,"comment_status":"closed","ping_status":"closed","template":"","meta":[],"product_brand":[],"product_cat":[1023,1031,1297,1038],"product_tag":[],"class_list":{"0":"post-65037","1":"product","2":"type-product","3":"status-publish","4":"has-post-thumbnail","6":"product_cat-art-de-la-table","7":"product_cat-couverts","8":"product_cat-non-palettisable","9":"product_cat-olympia","10":"product_shipping_class-free-shipping","12":"first","13":"instock","14":"featured","15":"taxable","16":"shipping-taxable","17":"purchasable","18":"product-type-simple"},"_links":{"self":[{"href":"https:\/\/abinox-chr-clim.com\/index.php\/wp-json\/wp\/v2\/product\/65037","targetHints":{"allow":["GET"]}}],"collection":[{"href":"https:\/\/abinox-chr-clim.com\/index.php\/wp-json\/wp\/v2\/product"}],"about":[{"href":"https:\/\/abinox-chr-clim.com\/index.php\/wp-json\/wp\/v2\/types\/product"}],"replies":[{"embeddable":true,"href":"https:\/\/abinox-chr-clim.com\/index.php\/wp-json\/wp\/v2\/comments?post=65037"}],"wp:featuredmedia":[{"embeddable":true,"href":"https:\/\/abinox-chr-clim.com\/index.php\/wp-json\/wp\/v2\/media\/102836"}],"wp:attachment":[{"href":"https:\/\/abinox-chr-clim.com\/index.php\/wp-json\/wp\/v2\/media?parent=65037"}],"wp:term":[{"taxonomy":"product_brand","embeddable":true,"href":"https:\/\/abinox-chr-clim.com\/index.php\/wp-json\/wp\/v2\/product_brand?post=65037"},{"taxonomy":"product_cat","embeddable":true,"href":"https:\/\/abinox-chr-clim.com\/index.php\/wp-json\/wp\/v2\/product_cat?post=65037"},{"taxonomy":"product_tag","embeddable":true,"href":"https:\/\/abinox-chr-clim.com\/index.php\/wp-json\/wp\/v2\/product_tag?post=65037"}],"curies":[{"name":"wp","href":"https:\/\/api.w.org\/{rel}","templated":true}]}}