{"id":65026,"date":"2024-03-22T13:34:14","date_gmt":"2024-03-22T12:34:14","guid":{"rendered":"https:\/\/abinox-chr-clim.com\/index.php\/product\/couteau-a-viande-olympia-bead-lot-de-12\/"},"modified":"2026-04-14T08:46:07","modified_gmt":"2026-04-14T06:46:07","slug":"couteau-a-viande-olympia-bead-lot-de-12","status":"publish","type":"product","link":"https:\/\/abinox-chr-clim.com\/index.php\/product\/couteau-a-viande-olympia-bead-lot-de-12\/","title":{"rendered":"Couteau \u00e0 viande Olympia Bead (Lot de 12)"},"content":{"rendered":"<p>En acier inoxydable 18\/0 poli avec une \u00e9l\u00e9gante bordure perl\u00e9e. Vendus par douze.<br \/>Haute finition en acier inoxydable poli 18\/0. Haute finition en acier inoxydable poli 18\/0. .<br \/> Caract\u00e9ristiques :<br \/>Lot : 12.<br \/> Dimensions : 226(l)mm.<br \/> Mati\u00e8re : Acier inoxydable 18\/0 hautement poli.<\/p>\n","protected":false},"excerpt":{"rendered":"<p>Couteau \u00e0 viande Olympia Bead (Lot de 12)<\/p>\n","protected":false},"featured_media":102846,"comment_status":"closed","ping_status":"closed","template":"","meta":[],"product_brand":[],"product_cat":[1023,1031,1297,1038],"product_tag":[],"class_list":{"0":"post-65026","1":"product","2":"type-product","3":"status-publish","4":"has-post-thumbnail","6":"product_cat-art-de-la-table","7":"product_cat-couverts","8":"product_cat-non-palettisable","9":"product_cat-olympia","10":"product_shipping_class-free-shipping","12":"first","13":"instock","14":"featured","15":"taxable","16":"shipping-taxable","17":"purchasable","18":"product-type-simple"},"_links":{"self":[{"href":"https:\/\/abinox-chr-clim.com\/index.php\/wp-json\/wp\/v2\/product\/65026","targetHints":{"allow":["GET"]}}],"collection":[{"href":"https:\/\/abinox-chr-clim.com\/index.php\/wp-json\/wp\/v2\/product"}],"about":[{"href":"https:\/\/abinox-chr-clim.com\/index.php\/wp-json\/wp\/v2\/types\/product"}],"replies":[{"embeddable":true,"href":"https:\/\/abinox-chr-clim.com\/index.php\/wp-json\/wp\/v2\/comments?post=65026"}],"wp:featuredmedia":[{"embeddable":true,"href":"https:\/\/abinox-chr-clim.com\/index.php\/wp-json\/wp\/v2\/media\/102846"}],"wp:attachment":[{"href":"https:\/\/abinox-chr-clim.com\/index.php\/wp-json\/wp\/v2\/media?parent=65026"}],"wp:term":[{"taxonomy":"product_brand","embeddable":true,"href":"https:\/\/abinox-chr-clim.com\/index.php\/wp-json\/wp\/v2\/product_brand?post=65026"},{"taxonomy":"product_cat","embeddable":true,"href":"https:\/\/abinox-chr-clim.com\/index.php\/wp-json\/wp\/v2\/product_cat?post=65026"},{"taxonomy":"product_tag","embeddable":true,"href":"https:\/\/abinox-chr-clim.com\/index.php\/wp-json\/wp\/v2\/product_tag?post=65026"}],"curies":[{"name":"wp","href":"https:\/\/api.w.org\/{rel}","templated":true}]}}