{"id":65020,"date":"2024-03-22T13:34:12","date_gmt":"2024-03-22T12:34:12","guid":{"rendered":"https:\/\/abinox-chr-clim.com\/index.php\/product\/cuillere-a-the-olympia-harley-lot-de-12\/"},"modified":"2026-04-24T08:52:38","modified_gmt":"2026-04-24T06:52:38","slug":"cuillere-a-the-olympia-harley-lot-de-12","status":"publish","type":"product","link":"https:\/\/abinox-chr-clim.com\/index.php\/product\/cuillere-a-the-olympia-harley-lot-de-12\/","title":{"rendered":"Cuill\u00e8re \u00e0 th\u00e9 Olympia Harley (Lot de 12)"},"content":{"rendered":"<p>Mod\u00e8le en acier inoxydable 18\/0 poli d\u00e9cor\u00e9 d&rsquo;une simple ligne. Vendus par douze.<br \/>Le mat\u00e9riau en acier inoxydable 18\/0 rend les cuill\u00e8res \u00e0 caf\u00e9 \u00e9conomiques et robustes. Peut \u00eatre utilis\u00e9 avec des syst\u00e8mes de sauvegarde magn\u00e9tique pour \u00e9viter la perte accidentelle de couverts. La finition polie ajoute une touche simple et \u00e9l\u00e9gante \u00e0 votre table. Le design \u00e0 deux niveaux de la poign\u00e9e offre un look \u00e9l\u00e9gant. La poign\u00e9e ergonomique assure une utilisation confortable. Lavable au lave-vaisselle pour un nettoyage rapide.  Le mat\u00e9riau en acier inoxydable 18\/0 rend les cuill\u00e8res \u00e0 caf\u00e9 \u00e9conomiques et robustes.<\/p>\n<p>Caract\u00e9ristiques :<br \/>Lot : 12.<br \/> Dimensions : 139(l)mm.<br \/> Mati\u00e8re : Inox 18\/0<\/p>\n","protected":false},"excerpt":{"rendered":"<p>Cuill\u00e8re \u00e0 th\u00e9 Olympia Harley (Lot de 12)<\/p>\n","protected":false},"featured_media":88122,"comment_status":"closed","ping_status":"closed","template":"","meta":[],"product_brand":[],"product_cat":[1023,1031,1297,1038],"product_tag":[],"class_list":{"0":"post-65020","1":"product","2":"type-product","3":"status-publish","4":"has-post-thumbnail","6":"product_cat-art-de-la-table","7":"product_cat-couverts","8":"product_cat-non-palettisable","9":"product_cat-olympia","10":"product_shipping_class-free-shipping","12":"first","13":"instock","14":"featured","15":"taxable","16":"shipping-taxable","17":"purchasable","18":"product-type-simple"},"_links":{"self":[{"href":"https:\/\/abinox-chr-clim.com\/index.php\/wp-json\/wp\/v2\/product\/65020","targetHints":{"allow":["GET"]}}],"collection":[{"href":"https:\/\/abinox-chr-clim.com\/index.php\/wp-json\/wp\/v2\/product"}],"about":[{"href":"https:\/\/abinox-chr-clim.com\/index.php\/wp-json\/wp\/v2\/types\/product"}],"replies":[{"embeddable":true,"href":"https:\/\/abinox-chr-clim.com\/index.php\/wp-json\/wp\/v2\/comments?post=65020"}],"wp:featuredmedia":[{"embeddable":true,"href":"https:\/\/abinox-chr-clim.com\/index.php\/wp-json\/wp\/v2\/media\/88122"}],"wp:attachment":[{"href":"https:\/\/abinox-chr-clim.com\/index.php\/wp-json\/wp\/v2\/media?parent=65020"}],"wp:term":[{"taxonomy":"product_brand","embeddable":true,"href":"https:\/\/abinox-chr-clim.com\/index.php\/wp-json\/wp\/v2\/product_brand?post=65020"},{"taxonomy":"product_cat","embeddable":true,"href":"https:\/\/abinox-chr-clim.com\/index.php\/wp-json\/wp\/v2\/product_cat?post=65020"},{"taxonomy":"product_tag","embeddable":true,"href":"https:\/\/abinox-chr-clim.com\/index.php\/wp-json\/wp\/v2\/product_tag?post=65020"}],"curies":[{"name":"wp","href":"https:\/\/api.w.org\/{rel}","templated":true}]}}