{"id":64978,"date":"2024-03-22T13:33:58","date_gmt":"2024-03-22T12:33:58","guid":{"rendered":"https:\/\/abinox-chr-clim.com\/index.php\/product\/couteaux-de-table-olympia-clifton-lot-de-12\/"},"modified":"2026-04-24T10:40:23","modified_gmt":"2026-04-24T08:40:23","slug":"couteaux-de-table-olympia-clifton-lot-de-12","status":"publish","type":"product","link":"https:\/\/abinox-chr-clim.com\/index.php\/product\/couteaux-de-table-olympia-clifton-lot-de-12\/","title":{"rendered":"Couteaux de table Olympia Clifton (lot de 12)"},"content":{"rendered":"<p>Couverts en acier inoxydable 18\/0 de qualit\u00e9 hautement polis au motif contemporain et subtil. Vendus par douze.<br \/>Finition polie. Manche lisse et contemporain. Les couverts 18\/0 doivent \u00eatre imm\u00e9diatement s\u00e9ch\u00e9s \u00e0 la main apr\u00e8s chaque cycle de lavage. Non recommand\u00e9 pour le s\u00e9chage \u00e0 l&rsquo;air. Acier inoxydable 18\/0.  Finition polie.<\/p>\n<p>Caract\u00e9ristiques :<br \/>Lot : 12.<br \/> Dimensions : 214(L) mm.<br \/> Mati\u00e8re : Inox 18\/0<\/p>\n","protected":false},"excerpt":{"rendered":"<p>Couteaux de table Olympia Clifton (lot de 12)<\/p>\n","protected":false},"featured_media":86893,"comment_status":"closed","ping_status":"closed","template":"","meta":[],"product_brand":[],"product_cat":[1023,1031,1297,1038],"product_tag":[],"class_list":{"0":"post-64978","1":"product","2":"type-product","3":"status-publish","4":"has-post-thumbnail","6":"product_cat-art-de-la-table","7":"product_cat-couverts","8":"product_cat-non-palettisable","9":"product_cat-olympia","10":"product_shipping_class-free-shipping","12":"first","13":"outofstock","14":"featured","15":"taxable","16":"shipping-taxable","17":"purchasable","18":"product-type-simple"},"_links":{"self":[{"href":"https:\/\/abinox-chr-clim.com\/index.php\/wp-json\/wp\/v2\/product\/64978","targetHints":{"allow":["GET"]}}],"collection":[{"href":"https:\/\/abinox-chr-clim.com\/index.php\/wp-json\/wp\/v2\/product"}],"about":[{"href":"https:\/\/abinox-chr-clim.com\/index.php\/wp-json\/wp\/v2\/types\/product"}],"replies":[{"embeddable":true,"href":"https:\/\/abinox-chr-clim.com\/index.php\/wp-json\/wp\/v2\/comments?post=64978"}],"wp:featuredmedia":[{"embeddable":true,"href":"https:\/\/abinox-chr-clim.com\/index.php\/wp-json\/wp\/v2\/media\/86893"}],"wp:attachment":[{"href":"https:\/\/abinox-chr-clim.com\/index.php\/wp-json\/wp\/v2\/media?parent=64978"}],"wp:term":[{"taxonomy":"product_brand","embeddable":true,"href":"https:\/\/abinox-chr-clim.com\/index.php\/wp-json\/wp\/v2\/product_brand?post=64978"},{"taxonomy":"product_cat","embeddable":true,"href":"https:\/\/abinox-chr-clim.com\/index.php\/wp-json\/wp\/v2\/product_cat?post=64978"},{"taxonomy":"product_tag","embeddable":true,"href":"https:\/\/abinox-chr-clim.com\/index.php\/wp-json\/wp\/v2\/product_tag?post=64978"}],"curies":[{"name":"wp","href":"https:\/\/api.w.org\/{rel}","templated":true}]}}