{"id":64964,"date":"2024-03-22T13:33:54","date_gmt":"2024-03-22T12:33:54","guid":{"rendered":"https:\/\/abinox-chr-clim.com\/index.php\/product\/fourchettes-de-table-olympia-napoli-lot-de-12\/"},"modified":"2025-06-30T09:13:43","modified_gmt":"2025-06-30T07:13:43","slug":"fourchettes-de-table-olympia-napoli-lot-de-12","status":"publish","type":"product","link":"https:\/\/abinox-chr-clim.com\/index.php\/product\/fourchettes-de-table-olympia-napoli-lot-de-12\/","title":{"rendered":"Fourchettes de table Olympia Napoli (Lot de 12)"},"content":{"rendered":"<p>Mod\u00e8le \u00e9lanc\u00e9, g\u00e9om\u00e9trique en acier inoxydable 18\/10 forg\u00e9 et poli, finition hautement polie, pour une touche de modernit\u00e9 garantie \u00e0 votre table. Vendus par douze.<br \/>Inox poli haute qualit\u00e9.Design moderne, ligne \u00e9lanc\u00e9e. Inox poli haute qualit\u00e9. .<br \/> Caract\u00e9ristiques :<br \/>Lot : 12.<br \/> Dimensions : 204(L)mm.<br \/> Mati\u00e8re : Acier inoxydable 18\/10 poli haute qualit\u00e9.<\/p>\n","protected":false},"excerpt":{"rendered":"<p>Fourchettes de table Olympia Napoli (Lot de 12)<\/p>\n","protected":false},"featured_media":105047,"comment_status":"closed","ping_status":"closed","template":"","meta":[],"product_brand":[],"product_cat":[1023,1031,1297,1038],"product_tag":[],"class_list":{"0":"post-64964","1":"product","2":"type-product","3":"status-publish","4":"has-post-thumbnail","6":"product_cat-art-de-la-table","7":"product_cat-couverts","8":"product_cat-non-palettisable","9":"product_cat-olympia","10":"product_shipping_class-free-shipping","12":"first","13":"outofstock","14":"featured","15":"taxable","16":"shipping-taxable","17":"purchasable","18":"product-type-simple"},"_links":{"self":[{"href":"https:\/\/abinox-chr-clim.com\/index.php\/wp-json\/wp\/v2\/product\/64964","targetHints":{"allow":["GET"]}}],"collection":[{"href":"https:\/\/abinox-chr-clim.com\/index.php\/wp-json\/wp\/v2\/product"}],"about":[{"href":"https:\/\/abinox-chr-clim.com\/index.php\/wp-json\/wp\/v2\/types\/product"}],"replies":[{"embeddable":true,"href":"https:\/\/abinox-chr-clim.com\/index.php\/wp-json\/wp\/v2\/comments?post=64964"}],"wp:featuredmedia":[{"embeddable":true,"href":"https:\/\/abinox-chr-clim.com\/index.php\/wp-json\/wp\/v2\/media\/105047"}],"wp:attachment":[{"href":"https:\/\/abinox-chr-clim.com\/index.php\/wp-json\/wp\/v2\/media?parent=64964"}],"wp:term":[{"taxonomy":"product_brand","embeddable":true,"href":"https:\/\/abinox-chr-clim.com\/index.php\/wp-json\/wp\/v2\/product_brand?post=64964"},{"taxonomy":"product_cat","embeddable":true,"href":"https:\/\/abinox-chr-clim.com\/index.php\/wp-json\/wp\/v2\/product_cat?post=64964"},{"taxonomy":"product_tag","embeddable":true,"href":"https:\/\/abinox-chr-clim.com\/index.php\/wp-json\/wp\/v2\/product_tag?post=64964"}],"curies":[{"name":"wp","href":"https:\/\/api.w.org\/{rel}","templated":true}]}}